{"id":67,"date":"2023-01-12T17:42:51","date_gmt":"2023-01-12T16:42:51","guid":{"rendered":"https:\/\/consvancouver.esteri.it\/?page_id=67"},"modified":"2025-10-06T08:47:13","modified_gmt":"2025-10-06T15:47:13","slug":"la-rete-consolare","status":"publish","type":"page","link":"https:\/\/consvancouver.esteri.it\/it\/chi-siamo\/la-rete-consolare\/","title":{"rendered":"La Rete Consolare"},"content":{"rendered":"<p><strong>Rappresentanze Diplomatico-Consolari Italiane in Canada<\/strong><\/p>\n<p><a title=\"Vai al sito dell'Ambasciata a Ottawa. Attenzione! Questo link apre un sito esterno\" href=\"https:\/\/ambottawa.esteri.it\/it\/\"><strong>Ambasciata d&#8217;Italia a Ottawa<\/strong><\/a><br \/>\n275 Slater Street, 21st Floor<br \/>\nOttawa, Ontario K1P 5H9<br \/>\nTel.\u00a0(613) 232 2401<br \/>\nFax\u00a0(613) 233 1484<br \/>\nEmail:\u00a0<a href=\"mailto:ambasciata.ottawa@esteri.it\">ambasciata.ottawa@esteri.it<\/a><\/p>\n<p><a title=\"Vai al sito del Consolato Generale a Montreal. Attenzione! Questo link apre un sito esterno\" href=\"https:\/\/consmontreal.esteri.it\/it\/\"><strong>Consolato Generale d&#8217;Italia a Montr\u00e9al<\/strong><\/a><br \/>\n3489 Avenue Drummond<br \/>\nMontr\u00e9al, Qu\u00e9bec H3G 1X6<br \/>\nTel.\u00a0(514) 849 8351\/2\/3\/4<br \/>\nFax\u00a0(514) 499 9471<br \/>\nEmail:\u00a0<a href=\"mailto:consolato.montreal@esteri.it\">consolato.montreal@esteri.it<\/a><\/p>\n<p>Circoscrizione: le province del Qu\u00e9bec (ad eccezione della parte ricadente nella circoscrizione dell&#8217;Ambasciata di Ottawa), di Terranova, Nuovo Brunswick, Nuova Scozia e l&#8217;isola di Principe Edoardo.<\/p>\n<p><a title=\"Vai al sito del Consolato Generale d'Italia a Toronto. Attenzione! Questo link apre un sito esterno\" href=\"https:\/\/constoronto.esteri.it\/it\/\"><strong>Consolato Generale d&#8217;Italia a Toronto<\/strong><\/a><br \/>\n136 Beverley Street<br \/>\nToronto, Ontario M5T 1Y5<br \/>\nTel.\u00a0(416) 977 1566<br \/>\nFax\u00a0(416) 977 1119<br \/>\nEmail:\u00a0<a href=\"mailto:consolato.toronto@esteri.it\">consolato.toronto@esteri.it<\/a><\/p>\n<p>Circoscrizione: le province dell\u2019Ontario (ad eccezione della parte ricadente nella circoscrizione dell&#8217;Ambasciata di Ottawa), del Manitoba e i Territori del Nord-Ovest.<\/p>\n<p><strong>Sportello Consolare ad Edmonton<\/strong><br \/>\n2592 Commerce Place<br \/>\n10155-102 Street<br \/>\nEdmonton, Alberta T5J 4G8<br \/>\nTel. (780) 423 5153<br \/>\nEmail: <a href=\"mailto:edmonton.vancouver@esteri.it\">edmonton.vancouver@esteri.it<\/a><\/p>\n<p>&nbsp;<\/p>\n<p><strong>Istituti Italiani di Cultura in Canada<\/strong><\/p>\n<p><a title=\"Vai al sito dell'Istituto Italiano di cultura a Toronto. Attenzione! Questo link apre un sito esterno\" href=\"https:\/\/iictoronto.esteri.it\/it\/\"><strong>Istituto Italiano di Cultura &#8211; Toronto<\/strong><\/a><br \/>\n496 Huron Street<br \/>\nToronto, Ontario M5R 2R3<br \/>\nTel.\u00a0(416) 921 3802<br \/>\nFax\u00a0(416) 962 2503<br \/>\nEmail:\u00a0<a href=\"mailto:iicToronto@esteri.it\">iicToronto@esteri.it<\/a><\/p>\n<p><a title=\"Vai al sito dell'Istituto Italiano di cultura di Montreal. Attenzione! Questo link apre un sito esterno\" href=\"https:\/\/iicmontreal.esteri.it\/it\/\"><strong>Istituto Italiano di Cultura &#8211; Montr\u00e9al<\/strong><\/a><br \/>\n1200 Docteur Penfield Avenue<br \/>\nMontr\u00e9al, Qu\u00e9bec H3A 1A9<br \/>\nTel.\u00a0(514) 849 3473<br \/>\nFax\u00a0(514) 849 2569<br \/>\nEmail:\u00a0<a href=\"mailto:iicmontreal@esteri.it\">iicmontreal@esteri.it<\/a><\/p>\n<p>&nbsp;<\/p>\n<p><strong>Altri enti pubblici italiani in Canada<\/strong><\/p>\n<p><a title=\"Vai alla pagina dell'ICE di Toronto. Attenzione! Questo link apre un sito esterno\" href=\"https:\/\/www.ice.it\/it\/mercati\/canada\/toronto\"><strong>ICE &#8211; Istituto Nazionale per il Commercio Estero &#8211; Toronto<\/strong><\/a><br \/>\n180 Dundas Street West<br \/>\nP.O. Box n.2<br \/>\nToronto, Ontario M5G 1Z8<br \/>\nTel.\u00a0(416) 598 1566<br \/>\nFax\u00a0(416) 598 1610<br \/>\nEmail:\u00a0<a href=\"mailto:toronto@ice.it\">toronto@ice.it<\/a><\/p>\n<p><a title=\"Vai alla pagina ICE di Montreal. Attenzione! Questo link apre un sito esterno\" href=\"https:\/\/www.ice.it\/it\/mercati\/canada\/punto-di-corrispondenza-di-montreal\"><strong>ICE &#8211; Istituto Nazionale per il Commercio Estero &#8211; Montr\u00e9al<\/strong><\/a><br \/>\n1001 boul. de Maisonneuve Ouest,\u00a0bureau 930<br \/>\nMontr\u00e9al, Qu\u00e9bec H3A 3C8<br \/>\nTel.\u00a0(514) 284 0265<br \/>\nFax\u00a0(514) 284 0362<br \/>\nEmail:\u00a0\u00a0<a href=\"mailto:montreal@ice.it\">montreal@ice.it<\/a><\/p>\n<p><a title=\"Vai alla pagina ICE di Montreal. Attenzione! Questo link apre un sito esterno\" href=\"https:\/\/www.ice.it\/it\/mercati\/canada\/punto-di-corrispondenza-di-vancouver\"><strong>ICE &#8211; Istituto Nazionale per il Commercio Estero &#8211; Vancouver<\/strong><\/a><br \/>\n785-1199 West Pender Street<br \/>\nVancouver, BC V6E 2R1<br \/>\nTel. (604) 416 4874<br \/>\nEmail:\u00a0 <a href=\"mailto:montreal@ice.it\">vancouver@ice.it<\/a><\/p>\n<p><a title=\"Vai al sito dell'Enit - l'Ente Nazionale Italiano per il turismo. Attenzione! Questo link apre un sito esterno\" href=\"https:\/\/www.enit.it\/it\/toronto\"><strong>ENIT &#8211; Ente Nazionale Italiano per il Turismo &#8211; Toronto<\/strong><\/a><br \/>\n110 Yonge\u00a0Street &#8211; Suite 503<br \/>\nToronto, Ontario M5C 1T4<br \/>\nTel. (416) 925 4882<br \/>\nFax\u00a0(416) 925 4799<br \/>\nEmail:\u00a0<a href=\"mailto:toronto@enit.it\">toronto@enit.it<\/a><\/p>\n<p>&nbsp;<\/p>\n<p><strong>Consoli Onorari<\/strong><\/p>\n<p><strong>CALGARY<\/strong><br \/>\n<strong>Andrea RICCIO<\/strong><br \/>\nSi riceve solo su appuntamento<br \/>\nEmail: <a href=\"mailto:calgary.onorario@esteri.it\">calgary.onorario@esteri.it<\/a><\/p>\n<p>&nbsp;<\/p>\n<p><strong>Agenti consolari<\/strong><\/p>\n<p><strong>KELOWNA (BC)<br \/>\n<\/strong><strong>&#8212;&#8212;&#8212;&#8212;&#8212;&#8212;&#8212;&#8211;<\/strong><\/p>\n<p>&nbsp;<\/p>\n<p><strong>Corrispondenti consolari<\/strong><\/p>\n<p><strong>BRITISH COLUMBIA<\/strong><\/p>\n<p><strong>CAMPBELL RIVER<\/strong><br \/>\n<strong>Franco SARTOR<\/strong><br \/>\n3662 Vermont Place<br \/>\nCampbell River, BC V9H 1V3<br \/>\nTel. +1 (250) 287 6997<br \/>\nEmail:\u00a0<a href=\"mailto:fsartor@shaw.ca\">fsartor@shaw.ca<\/a><\/p>\n<p><strong>KAMLOOPS<\/strong><br \/>\n<strong>Giovanni Trotta<\/strong><br \/>\n814 Lorne Street<br \/>\nKamloops, BC V2C 1W8<br \/>\nTel. +1 (250) 318 2991<br \/>\nEmail: <a href=\"mailto:jtrotta65@gmail.com\" target=\"_blank\" rel=\"noopener\">jtrotta65@gmail.com<\/a><\/p>\n<p><strong>PORT ALBERNI<\/strong><br \/>\n<strong>Joe BERNABEI<\/strong><br \/>\n3871 Galiano Drive<br \/>\nPort Alberni, BC V9Y 8C8<br \/>\nTel. +1 (250) 723 8964<br \/>\nEmail:\u00a0<a href=\"mailto:joebernabei3@gmail.com\">joebernabei3@gmail.com<\/a><\/p>\n<p><strong>POWELL RIVER<\/strong><br \/>\n<strong>Claudia CAPPIELLO<\/strong><br \/>\n4018 Lytton Avenue<br \/>\nPowell River, BC V8A 5C6<br \/>\nTel. +1 (604) 485 9074<br \/>\nEmail:\u00a0<a href=\"mailto:cappitalia@shaw.ca\">cappitalia@shaw.ca<\/a><\/p>\n<p><strong>PRINCE GEORGE<\/strong><br \/>\n<strong>Anna MONETTA\u00a0<\/strong><br \/>\nTel. +1 (778) 281 2845<br \/>\nEmail:\u00a0<a href=\"mailto:amonetta@shaw.ca\">amonetta@shaw.ca<\/a><\/p>\n<p><strong>PRINCE RUPERT<br \/>\n<\/strong>&#8212;&#8212;&#8212;&#8212;&#8212;&#8212;&#8212;&#8211;<\/p>\n<p><strong>TRAIL\u00a0<\/strong><br \/>\n<strong>Mauro CHIOCCHETTI\u00a0<\/strong><br \/>\nTel. +1 (250) 878 9610<br \/>\nEmail: chiocchetti76@yahoo.it<\/p>\n<p><strong>VICTORIA\u00a0<\/strong><br \/>\n<strong>Silvana SACCOMANI\u00a0<\/strong><br \/>\nTel. +1 (250) 986 6336<br \/>\nEmail: <a href=\"mailto:CorrisConsolare.Victoria@gmail.com\">CorrisConsolare.Victoria@gmail.com<\/a><\/p>\n<p><strong>SASKATCHEWAN<\/strong><\/p>\n<p><strong>REGINA<\/strong><br \/>\n<strong>Cav. Sebastiano Deiana<\/strong><br \/>\n3148 Wimbledon Bay<br \/>\nRegina, SK, S4V 2Y6<br \/>\nTel. (306) 775 2576<br \/>\nFax (306) 757 2465<br \/>\nEmail:\u00a0<a href=\"mailto:deianagc@sasktel.net\">deianagc@sasktel.net<\/a><\/p>\n<p><strong>SASKATOON<\/strong><strong><br \/>\nLucia Zuin<\/strong><br \/>\nEmail:\u00a0<a href=\"mailto:zuin.l.sk@gmail.com\">zuin.l.sk@gmail.com<\/a><strong><br \/>\n<\/strong><\/p>\n<p><strong><br \/>\nYUKON<\/strong><br \/>\n<strong><br \/>\nWHITEHORSE<br \/>\n&#8212;&#8212;&#8212;&#8212;&#8212;&#8212;&#8212;&#8211;<\/strong><\/p>\n<p>&nbsp;<\/p>\n<p><em>Ultimo aggiornamento: 06\/10\/2025<\/em><\/p>\n","protected":false},"excerpt":{"rendered":"Rappresentanze Diplomatico-Consolari Italiane in Canada Ambasciata d&#8217;Italia a Ottawa 275 Slater Street, 21st Floor Ottawa, Ontario K1P 5H9 Tel.\u00a0(613) 232 2401 Fax\u00a0(613) 233 1484 Email:\u00a0ambasciata.ottawa@esteri.it Consolato Generale d&#8217;Italia a Montr\u00e9al 3489 Avenue Drummond Montr\u00e9al, Qu\u00e9bec H3G 1X6 Tel.\u00a0(514) 849 8351\/2\/3\/4 Fax\u00a0(514) 499 9471 Email:\u00a0consolato.montreal@esteri.it Circoscrizione: le province del Qu\u00e9bec (ad eccezione della parte ricadente nella [&hellip;]","protected":false},"author":1,"featured_media":0,"parent":9,"menu_order":10,"comment_status":"closed","ping_status":"closed","template":"","meta":{"footnotes":""},"class_list":["post-67","page","type-page","status-publish","hentry"],"_links":{"self":[{"href":"https:\/\/consvancouver.esteri.it\/it\/wp-json\/wp\/v2\/pages\/67","targetHints":{"allow":["GET"]}}],"collection":[{"href":"https:\/\/consvancouver.esteri.it\/it\/wp-json\/wp\/v2\/pages"}],"about":[{"href":"https:\/\/consvancouver.esteri.it\/it\/wp-json\/wp\/v2\/types\/page"}],"author":[{"embeddable":true,"href":"https:\/\/consvancouver.esteri.it\/it\/wp-json\/wp\/v2\/users\/1"}],"replies":[{"embeddable":true,"href":"https:\/\/consvancouver.esteri.it\/it\/wp-json\/wp\/v2\/comments?post=67"}],"version-history":[{"count":7,"href":"https:\/\/consvancouver.esteri.it\/it\/wp-json\/wp\/v2\/pages\/67\/revisions"}],"predecessor-version":[{"id":4952,"href":"https:\/\/consvancouver.esteri.it\/it\/wp-json\/wp\/v2\/pages\/67\/revisions\/4952"}],"up":[{"embeddable":true,"href":"https:\/\/consvancouver.esteri.it\/it\/wp-json\/wp\/v2\/pages\/9"}],"wp:attachment":[{"href":"https:\/\/consvancouver.esteri.it\/it\/wp-json\/wp\/v2\/media?parent=67"}],"curies":[{"name":"wp","href":"https:\/\/api.w.org\/{rel}","templated":true}]}}