{"id":5946,"date":"2026-04-29T15:58:54","date_gmt":"2026-04-29T22:58:54","guid":{"rendered":"https:\/\/consvancouver.esteri.it\/?page_id=5946"},"modified":"2026-05-04T15:00:41","modified_gmt":"2026-05-04T22:00:41","slug":"residenti-in-bc-e-yukon","status":"publish","type":"page","link":"https:\/\/consvancouver.esteri.it\/it\/servizi-consolari-e-visti\/servizi-per-il-cittadino-italiano\/passaporti-e-carte-didentita\/residenti-in-bc-e-yukon\/","title":{"rendered":"Residenti in British Columbia e Yukon"},"content":{"rendered":"<p><span style=\"color: #000000;\">NOTA: tutti i MODULI cui si fa riferimento in questa pagina sono reperibili nella <a href=\"https:\/\/consvancouver.esteri.it\/it\/chi-siamo\/gli-uffici\/modulistica\/\" target=\"_blank\" rel=\"noopener\">pagina Modulistica<\/a>.<\/span><\/p>\n<h4>1. COSTO DEL PASSAPORTO E MODALITA\u2019 DI PAGAMENTO?<\/h4>\n<p>Il costo del rilascio del passaporto, indipendentemente dalla sua validit\u00e0 (3, 5 o 10 anni), \u00e8 di EUR 116,00 <strong>da pagare esclusivamente in dollari canadesi<\/strong>. Il corrispondente valore in CAD attualmente in vigore \u00e8 pubblicato nella \u201cTabella dei Diritti Consolari\u201d del nostro sito web (v. <a href=\"https:\/\/consvancouver.esteri.it\/it\/chi-siamo\/gli-uffici\/modulistica\/\" target=\"_blank\" rel=\"noopener\">pagina Modulistica<\/a>).<br \/>\nL\u2019Ufficio Passaporti di Vancouver accetta sia contanti (si prega di portare la somma esatta) sia money orders\/bank drafts (assegno circolare bancario) intestati a \u201cConsolato Generale d\u2019Italia\u201d.<\/p>\n<h4>2. MODI E TEMPI DI RILASCIO DEL PASSAPORTO<\/h4>\n<p>Fatti salvi imprevisti tecnici, il passaporto viene consegnato il giorno dell\u2019appuntamento. Esiste anche la possibilit\u00e0 di farselo spedire per posta con busta prepagata Canada Post XpressPost, FedEx o Purolator, all\u2019indirizzo prescelto.<\/p>\n<p>&nbsp;<\/p>\n<h4>3. PASSAPORTO PER MAGGIORENNI<\/h4>\n<p>Coloro che risiedono in BC e Yukon devono richiedere un appuntamento per il passaporto utilizzando l\u2019applicativo <a href=\"https:\/\/prenotami.esteri.it\" target=\"_blank\" rel=\"noopener\"><strong>Prenot@mi<\/strong><\/a><\/p>\n<p>Dati i tempi di attesa, si raccomanda di prenotare l\u2019appuntamento con largo anticipo rispetto alla data di scadenza del libretto.<\/p>\n<p><strong>La prenotazione \u00e8 del tutto gratuita; non \u00e8 prevista alcuna tariffa per l\u2019utilizzo del sistema <a href=\"https:\/\/prenotami.esteri.it\" target=\"_blank\" rel=\"noopener\">Prenot@mi<\/a>.<\/strong><\/p>\n<p>Il calendario consente di prenotare appuntamenti per diverse settimane. Nuovi appuntamenti vengono resi disponibili piu\u2019 volte ogni settimana.<\/p>\n<p>\u00c8 possibile prenotare per pi\u00f9 di una persona utilizzando l\u2019opzione \u201cPrenotazione multipla\u201d.<\/p>\n<p>I <strong>RICHIEDENTI OVER 70<\/strong> che non avessero possibilit\u00e0 di accedere all\u2019applicativo Prenot@mi possono inviare via e-mail la richiesta, allegando un documento di identit\u00e0 valido all\u2019indirizzo <a href=\"passaporti.vancouver@esteri.it\" target=\"_blank\" rel=\"noopener\">passaporti.vancouver@esteri.it<\/a> o anche via fax (+604 6854263).<\/p>\n<p>&nbsp;<\/p>\n<h4>4. COSA PORTARE IL GIORNO DELL\u2019APPUNTAMENTO<\/h4>\n<p>Nel giorno dell\u2019appuntamento, ogni richiedente (pertanto anche ogni singolo membro della stessa famiglia) deve presentare la propria documentazione, corredata delle fotocopie richieste. \u00c9 molto importante che la documentazione sia stata preparata con anticipo e che siano seguite le istruzioni qui pubblicate.<\/p>\n<p>Documenti da portare:<\/p>\n<ul>\n<li><strong>modulo di domanda passaporto per maggiorenni<\/strong>, interamente compilato e firmato in originale (v. <a href=\"https:\/\/consvancouver.esteri.it\/it\/chi-siamo\/gli-uffici\/modulistica\/\" target=\"_blank\" rel=\"noopener\">pagina Modulistica<\/a>);<\/li>\n<li><strong>1 fotografia a colori<\/strong>, recente (max 6 mesi), formato passaporto canadese, su sfondo bianco, con il volto ben illuminato (<a href=\"https:\/\/www.poliziadistato.it\/statics\/10\/fotografia_passaporto_web.pdf\" target=\"_blank\" rel=\"noopener\">specifiche ICAO delle fotografie valide<\/a>);<\/li>\n<li><strong>documento di identit\u00e0<\/strong> in corso di validit\u00e0 con fotocopia;<\/li>\n<li><strong>passaporto italiano<\/strong> precedente, anche se scaduto; in caso di smarrimento o furto, presentare copia (o numero di file) della denuncia resa alla Polizia;<\/li>\n<li><strong>tariffa consolare<\/strong> per il passaporto in contanti, possibilmente nell\u2019ammontare esatto (per conoscere la tariffa corrente vedi <a href=\"https:\/\/consvancouver.esteri.it\/it\/chi-siamo\/gli-uffici\/modulistica\/\" target=\"_blank\" rel=\"noopener\">pagina Modulistica<\/a>&gt; Tabella diritti consolari &gt; \u201cRilascio passaporto\u201d); \u00e8 anche possibile pagare con money order\/bank draft intestato a \u201dConsulate General of Italy\u201d.<\/li>\n<\/ul>\n<p>Fatti salvi imprevisti tecnici, il passaporto viene emesso nella stessa giornata dell\u2019appuntamento. Chi preferisce ricevere il passaporto a casa pu\u00f2 portare anche <strong>una busta prepagata<\/strong> Xpress Post formato <em>small<\/em> o altro corriere tracciabile.<\/p>\n<p><strong>ATTENZIONE! <\/strong><strong>In caso di pratiche non complete, la richiesta di passaporto non potr\u00e0 essere accettata e l\u2019interessato dovr\u00e0 prendere un nuovo appuntamento online su <a href=\"https:\/\/prenotami.esteri.it\" target=\"_blank\" rel=\"noopener\">Prenot@mi<\/a>.<\/strong><\/p>\n<p>&nbsp;<\/p>\n<h4>5. PASSAPORTO PER MINORENNI<\/h4>\n<p>Le modalit\u00e0 di prenotazione di appuntamento sono le medesime descritte sopra per i maggiorenni, con la sola differenza che, all\u2019atto della prenotazione, il genitore dovr\u00e0 specificare nel campo \u201cNote\u201d del programma <a href=\"https:\/\/prenotami.esteri.it\" target=\"_blank\" rel=\"noopener\"><strong>Prenot@mi<\/strong><\/a> il nome dei minori per cui si richiede l\u2019appuntamento. Non \u00e8 infatti consentito a un minore di aprire un account su Prenot@mi a proprio nome.<\/p>\n<p>Il genitore che desideri prenotare un unico appuntamento per s\u00e9 e per il coniuge e\/o uno o pi\u00f9 figli minori deve selezionare l\u2019opzione \u201cPrenotazione multipla\u201d, inserire i propri dati come richiedente e quelli degli altri familiari come \u201crichiedenti aggiuntivi\u201d, sempre specificando nel campo \u201cNote\u201d per quali persone si sta chiedendo l\u2019appuntamento.<\/p>\n<p>&nbsp;<\/p>\n<h5>COSA PORTARE IL GIORNO DELL\u2019APPUNTAMENTO<\/h5>\n<ul>\n<li><strong>Modulo di domanda passaporto per minorenni<\/strong>, (v. <a href=\"https:\/\/consvancouver.esteri.it\/it\/chi-siamo\/gli-uffici\/modulistica\/\" target=\"_blank\" rel=\"noopener\">pagina Modulistica<\/a>) compilato da entrambi i genitori ma non firmato;<\/li>\n<li><strong>n. 1 fotografia del minore a colori<\/strong>, formato passaporto canadese, senza copricapo, con il volto ben illuminato (<a href=\"https:\/\/www.poliziadistato.it\/statics\/10\/fotografia_passaporto_web.pdf\" target=\"_blank\" rel=\"noopener\">specifiche ICAO delle fotografie valide<\/a>);<\/li>\n<li><strong>copia del documento di identit\u00e0<\/strong> in corso di validit\u00e0 sia dei genitori che del minore;<\/li>\n<li><strong>passaporto italiano<\/strong> precedente, anche se scaduto; in caso di smarrimento o furto, presentare copia (o numero di file) della denuncia resa alla Polizia;<\/li>\n<li><strong>tariffa consolare<\/strong> per il passaporto in contanti, possibilmente nell\u2019ammontare esatto (per conoscere la tariffa corrente vedi <a href=\"https:\/\/consvancouver.esteri.it\/it\/chi-siamo\/gli-uffici\/modulistica\/\" target=\"_blank\" rel=\"noopener\">pagina Modulistica<\/a>&gt; Tabella diritti consolari &gt; \u201cRilascio passaporto\u201d); \u00e8 anche possibile pagare con money order\/bank draft intestato a \u201dConsulate General of Italy\u201d.<\/li>\n<\/ul>\n<p>Fatti salvi imprevisti tecnici, il passaporto viene emesso nella stessa giornata dell\u2019appuntamento. Chi preferisce ricevere il passaporto a casa pu\u00f2 portare anche <strong>una busta prepagata<\/strong> Xpress Post formato <em>small<\/em> o altro corriere tracciabile.<\/p>\n<p>&nbsp;<\/p>\n<h5>CHI DEVE VENIRE ALL\u2019APPUNTAMENTO<\/h5>\n<p>Per il rilascio del passaporto a un minorenne \u00e8 necessario acquisire l\u2019assenso di entrambi i genitori, anche se non sposati, separati o divorziati.<\/p>\n<p>Il giorno dell\u2019appuntamento, il minore deve presentarsi accompagnato da almeno un genitore.<\/p>\n<p>Se uno dei due genitori (entrambi cittadini UE) non pu\u00f2 essere presente, deve firmare il modulo di richiesta del passaporto in originale. Il genitore presente porter\u00e0 questo modulo in Consolato il giorno dell\u2019appuntamento.<\/p>\n<p>Se invece il genitore assente <span style=\"text-decoration: underline;\">non \u00e8 cittadino UE<\/span>, deve:<\/p>\n<ul>\n<li>firmare il <strong>modulo di assenso<\/strong> (v. <a href=\"https:\/\/consvancouver.esteri.it\/it\/chi-siamo\/gli-uffici\/modulistica\/\" target=\"_blank\" rel=\"noopener\">pagina Modulistica<\/a>);<\/li>\n<li>far autenticare la firma sul modulo dal Consolato Generale (in data precedente l\u2019appuntamento per il passaporto) oppure da un notaio\/avvocato.<\/li>\n<\/ul>\n<p>Il notaio pu\u00f2 essere:<\/p>\n<ul>\n<li>un notaio o avvocato fra quelli registrati presso il nostro Consolato (v. <a href=\"https:\/\/consvancouver.esteri.it\/it\/chi-siamo\/gli-uffici\/modulistica\/\" target=\"_blank\" rel=\"noopener\">pagina Modulistica<\/a> &gt; Documenti di viaggio &gt; \u201cElenco dei notai e degli avvocati\u201d); in questo caso non serve l\u2019Apostille, ma \u00e8 necessario aggiungere all\u2019importo da pagare il giorno dell\u2019appuntamento, anche quello indicato all\u2019art 69 della Tabella dei Diritti Consolari alla <a href=\"https:\/\/consvancouver.esteri.it\/it\/chi-siamo\/gli-uffici\/modulistica\/\" target=\"_blank\" rel=\"noopener\">pagina Modulistica<\/a>;<\/li>\n<li>un notaio o avvocato non presente nell\u2019elenco (in questo caso serve l\u2019Apostille; maggiori informazioni sono disponibili nella <a href=\"https:\/\/consvancouver.esteri.it\/it\/servizi-consolari-e-visti\/servizi-per-il-cittadino-italiano\/traduzione-e-legalizzazione-dei-documenti\/\" target=\"_blank\" rel=\"noopener\">sezione dedicata sul nostro sito<\/a>).<\/li>\n<\/ul>\n<p>Il <strong>modulo di assenso<\/strong> deve essere portato in originale il giorno dell\u2019appuntamento.<\/p>\n<p><em><strong>Modulo di assenso se un genitore non si trova nella circoscrizione<\/strong><\/em><\/p>\n<p>Il genitore italiano o cittadino dell\u2019UE che si trovasse fuori dalla circoscrizione consolare pu\u00f2 firmare il modulo di assenso separatamente e farlo pervenire al Consolato anche via e-mail, assieme a copia del proprio passaporto UE valido.<\/p>\n<p>Il genitore non UE pu\u00f2 firmare il modulo di assenso in presenza di un funzionario dell\u2019autorit\u00e0 italiana (Questura se in Italia, o Ufficio Consolare se all\u2019estero) e poi farlo pervenire al Consolato di Vancouver via posta o via PEC.<\/p>\n<p>In caso di decesso di uno dei genitori occorre presentare una copia del certificato di morte.<\/p>\n<p><em><strong>Caso in cui uno dei genitori si rifiuti di firmare l\u2019atto di assenso<\/strong><\/em><\/p>\n<p>Nel caso in cui l\u2019altro genitore rifiuti di concedere il proprio assenso, sar\u00e0 necessario presentare un\u2019istanza al Giudice Tutelare. Il Console Generale di Vancouver esercita le funzioni di Giudice Tutelare per i minori residenti\/iscritti nella circoscrizione di questo Consolato Generale. Per informazioni, si prega di contattare l\u2019ufficio passaporti del Consolato (<a href=\"mailto:passaporti.vancouver@esteri.it\" target=\"_blank\" rel=\"noopener\">passaporti.vancouver@esteri.it<\/a>).<\/p>\n<p>&nbsp;<\/p>\n<h5>MINORI DI ANNI 12<\/h5>\n<p>Sotto i 12 anni di et\u00e0 non sono richieste le impronte digitali, ma \u00e8 comunque necessario procedere all\u2019identificazione del minore.<\/p>\n<p>I genitori possono inviare la domanda di passaporto anche via posta, senza prenotare un appuntamento. In questo caso, \u00e8 necessario spedire anche una<strong> fotografia autenticata del figlio minore<\/strong>. Questa autentica pu\u00f2 essere richiesta:<\/p>\n<ul>\n<li>presso il Consolato Generale senza bisogno di Apostille;<\/li>\n<li>ad un notaio o avvocato fra quelli registrati presso il nostro Consolato (v. <a href=\"https:\/\/consvancouver.esteri.it\/it\/chi-siamo\/gli-uffici\/modulistica\/\" target=\"_blank\" rel=\"noopener\">pagina Modulistica<\/a> &gt; Documenti di viaggio &gt; \u201cElenco dei notai e degli avvocati\u201d), nel qual caso non \u00e8 necessaria la legalizzazione con Apostille;<\/li>\n<li>un notaio o avvocato non presente nell\u2019elenco (in questo caso serve l\u2019Apostille; maggiori informazioni sono disponibili nella <a href=\"https:\/\/consvancouver.esteri.it\/it\/servizi-consolari-e-visti\/servizi-per-il-cittadino-italiano\/traduzione-e-legalizzazione-dei-documenti\/\" target=\"_blank\" rel=\"noopener\">sezione dedicata sul nostro sito<\/a>).<\/li>\n<\/ul>\n<p>La domanda presentata dai genitori deve essere poi inviata direttamente per posta all\u2019Ufficio di Vancouver con i seguenti documenti:<\/p>\n<ul>\n<li><strong>modulo di domanda passaporto per minorenni<\/strong>, (v. <a href=\"https:\/\/consvancouver.esteri.it\/it\/chi-siamo\/gli-uffici\/modulistica\/\" target=\"_blank\" rel=\"noopener\">pagina Modulistica<\/a>) in originale, compilato e firmato da entrambi i genitori con i rispettivi documenti d\u2019identit\u00e0;<\/li>\n<li>se uno dei genitori <span style=\"text-decoration: underline;\">non \u00e8 cittadino UE<\/span>, deve compilare e firmare il <strong>modulo di assenso<\/strong> (v. <a href=\"https:\/\/consvancouver.esteri.it\/it\/chi-siamo\/gli-uffici\/modulistica\/\" target=\"_blank\" rel=\"noopener\">pagina Modulistica<\/a>) e farsi autenticare la firma da un notaio\/avvocato o dal Consolato Generale, secondo le modalit\u00e0 appena descritte per l\u2019autentica di fotografia;<\/li>\n<li><strong>la fotografia del minore autenticata<\/strong> dal notaio\/avvocato, secondo le modalit\u00e0 gi\u00e0 descritte;<\/li>\n<li>altre <strong>due foto recenti del minore<\/strong> (<strong>max 3 mesi<\/strong>) a colori su sfondo bianco, formato passaporto canadese, senza copricapo e con il volto molto ben illuminato (<a href=\"https:\/\/www.poliziadistato.it\/statics\/10\/fotografia_passaporto_web.pdf\" target=\"_blank\" rel=\"noopener\">specifiche ICAO delle fotografie valide<\/a>); una delle fotografie deve essere stata spillata nel modulo di domanda passaporto per minorenni (in alto a destra, riquadro \u201cAd uso ufficio\u201d); uno dei genitori dovr\u00e0 firmare sotto la fotografia;<\/li>\n<li>il <strong>precedente passaporto italiano<\/strong> <strong>del minore<\/strong>, se ancora valido. In caso di primo rilascio, un altro documento d\u2019identit\u00e0 (ad es. passaporto canadese) del minore in corso di validit\u00e0;<\/li>\n<li>un <strong>money order\/bank draft<\/strong> intestato a \u201cConsolato Generale d\u2019Italia\u201d per l\u2019importo di cui alla Tabella dei Diritti Consolari alla <a href=\"https:\/\/consvancouver.esteri.it\/it\/chi-siamo\/gli-uffici\/modulistica\/\" target=\"_blank\" rel=\"noopener\">pagina Modulistica<\/a> (art. 27); se per il modulo di assenso e\/o per la fotografia autenticata del minore si \u00e8 utilizzato un notaio\/avvocato presente nel nostro elenco, aggiungere a tale importo anche quello indicato all\u2019art 69;<\/li>\n<li>una <strong>busta prepagata<\/strong> Xpress Post, o altro corriere tracciabile, che utilizzeremo per rispedirvi il passaporto;<\/li>\n<li>il modulo a<strong>utorizzazione alla spedizione del passaporto<\/strong> compilato e firmato (v. <a href=\"https:\/\/consvancouver.esteri.it\/it\/chi-siamo\/gli-uffici\/modulistica\/\" target=\"_blank\" rel=\"noopener\">pagina Modulistica<\/a>).<\/li>\n<\/ul>\n<p>Fatti salvi imprevisti tecnici, il passaporto viene emesso entro due settimane dalla ricezione della documentazione completa via posta.<\/p>\n<p>&nbsp;<\/p>\n<h5>ATTESTAZIONE DI ACCOMPAGNAMENTO PER MINORI DI 14 ANNI CHE VIAGGINO SENZA I GENITORI<\/h5>\n<p>I minori sopra i 14 anni possono viaggiare non accompagnati dai genitori senza documenti aggiuntivi oltre il passaporto valido, nei Paesi per i quali non \u00e8 richiesto un visto.<\/p>\n<p>Per i cittadini italiani minori di <strong>14 anni che viaggiano da soli<\/strong> o non accompagnati da <strong>almeno uno dei genitori<\/strong> \u00e8 invece necessaria una attestazione consolare. L\u2019attestazione puo\u2019 essere richiesta dai genitori compilando e firmando il modulo \u201cDichiarazione di accompagnamento\u201d reperibile alla <a href=\"https:\/\/consvancouver.esteri.it\/it\/chi-siamo\/gli-uffici\/modulistica\/\" target=\"_blank\" rel=\"noopener\">pagina Modulistica<\/a> e inviandolo per email a <a href=\"mailto:passaporti.vancouver@esteri.it\" target=\"_blank\" rel=\"noopener\">passaporti.vancouver@esteri.it<\/a> unitamente a:<\/p>\n<ul>\n<li>copia dei passaporti dei genitori;<\/li>\n<li>copia del\/i passaporto\/i del\/i minore\/i;<\/li>\n<li>copia del passaporto del\/degli accompagnatore\/i;<\/li>\n<li>copia dei biglietti aerei di coloro che viaggiano.<\/li>\n<\/ul>\n<p>Per informazioni su minori che viaggiano con passaporto canadese si prega di consultare il relativo sito web del Governo canadese.<\/p>\n<p>&nbsp;<\/p>\n<h4>6. DOMANDA DI RILASCIO DEL PASSAPORTO IN CASO DI COMPROVATA URGENZA<\/h4>\n<p><strong>Si prega di non acquistare biglietti aerei o altri titoli di viaggio prima di essersi assicurati di avere un passaporto valido con una data di scadenza che consenta l\u2019effettuazione del viaggio. Il possesso di un titolo di viaggio NON e\u2019 sufficiente a documentare l\u2019urgenza.<\/strong><\/p>\n<p>Solo in casi di assoluta e documentata urgenza (improvvisa necessit\u00e0, per i cittadini residenti nella nostra circoscrizione consolare, di viaggiare per gravissimi motivi personali\/familiari o impellenti obblighi di lavoro) \u00e8 possibile richiedere un passaporto secondo la procedura d\u2019urgenza, inviando un messaggio e-mail a <a href=\"mailto:passaporti.vancouver@esteri.it\" target=\"_blank\" rel=\"noopener\">passaporti.vancouver@esteri.it<\/a>.<\/p>\n<p>L\u2019urgenza deve essere giustificata da:<\/p>\n<ul>\n<li><strong>gravi condizioni di salute<\/strong> di un familiare non in Canada, comprovati da certificato medico e corredati da una lettera del richiedente che spieghi le ragioni per cui si richiede la procedura d\u2019urgenza;<\/li>\n<li><strong>gravi ragioni familiari<\/strong>: in questo caso sar\u00e0 necessaria un\u2019istanza dettagliata del richiedente, corredata di documentazione a sostegno;<\/li>\n<li><strong>improrogabili necessit\u00e0 di lavoro<\/strong>, comprovate da richiesta motivata e dettagliata su carta intestata del datore di lavoro, eventualmente corredata di documentazione giustificativa (ad es. iscrizioni a convegni internazionali ecc.).<\/li>\n<\/ul>\n<p>Qualora venga riconosciuta la necessit\u00e0 di procedere d\u2019urgenza, verranno applicati i relativi diritti, di cui alla Tabella dei Diritti Consolari v. <a href=\"https:\/\/consvancouver.esteri.it\/it\/chi-siamo\/gli-uffici\/modulistica\/\" target=\"_blank\" rel=\"noopener\">pagina Modulistica<\/a> (art. 74) e il passaporto verr\u00e0 emesso entro 24 ore dalla ricezione di tutta la documentazione normalmente richiesta per il passaporto (oltre a quella necessaria per giustificare l\u2019urgenza).<\/p>\n<p>La procedura d\u2019urgenza si riconosce di norma solo all\u2019interessato, non a suoi familiari o conoscenti.<\/p>\n<p><strong>Solo i connazionali iscritti AIRE presso il nostro Consolato possono richiedere il rilascio di un passaporto d\u2019urgenza.<\/strong><\/p>\n<p>&nbsp;<\/p>\n<h4>7. SMARRIMENTO O FURTO DEL PASSAPORTO \/ EU ETD<\/h4>\n<h5>PROCEDURA PER RESIDENTI NELLA CIRCOSCRIZIONE CONSOLARE E ISCRITTI AIRE<\/h5>\n<p>In caso di furto o di smarrimento del passaporto, \u00e8 necessario presentare<strong> la denuncia<\/strong> alle autorit\u00e0 di polizia locali.<\/p>\n<p>Dopo tale adempimento \u00e8 possibile richiedere un nuovo passaporto seguendo le medesime istruzioni riportate all\u2019inizio di questa pagina, anticipando via mail:<\/p>\n<ul>\n<li><strong>copia della denuncia<\/strong> o, in assenza di una copia cartacea, il numero di file del Police Report;<\/li>\n<li>se possibile, copia del passaporto smarrito\/rubato (o almeno numero e data di emissione dello stesso);<\/li>\n<li><strong>copia di un valido documento di riconoscimento con fotografia<\/strong>;<\/li>\n<li><strong>dichiarazione<\/strong> relativa allo smarrimento o furto del passaporto (v. <strong>modulo di denuncia<\/strong> alla <a href=\"https:\/\/consvancouver.esteri.it\/it\/chi-siamo\/gli-uffici\/modulistica\/\" target=\"_blank\" rel=\"noopener\">pagina Modulistica<\/a>)<\/li>\n<\/ul>\n<p>&nbsp;<\/p>\n<h5>PROCEDURA PER NON RESIDENTI NELLA CIRCOSCRIZIONE (EU ETD)<\/h5>\n<p>In caso di furto o di smarrimento del passaporto da parte di un cittadino italiano solo temporaneamente presente nella nostra circoscrizione consolare, \u00e8 necessario presentare la denuncia alle autorit\u00e0 di polizia locali. Occorrer\u00e0 poi inviare un messaggio email al Consolato Generale (<a href=\"mailto:passaporti.vancouver@esteri.it\" target=\"_blank\" rel=\"noopener\">passaporti.vancouver@esteri.it<\/a>) per richiedere un appuntamento per il rilascio dello EU ETD, allegando:<\/p>\n<ul>\n<li><strong>modulo di domanda di EU ETD<\/strong> (v. <a href=\"https:\/\/consvancouver.esteri.it\/it\/chi-siamo\/gli-uffici\/modulistica\/\" target=\"_blank\" rel=\"noopener\">pagina Modulistica<\/a>)<\/li>\n<li>copia della <strong>denuncia,<\/strong> o numero di file del Police Report;<\/li>\n<li>se possibile, <strong>copia<\/strong> del passaporto smarrito\/rubato (o almeno numero e data di emissione dello stesso);<\/li>\n<li><strong>prenotazione aerea<\/strong> di rientro in Italia o nel Paese di residenza con indicazione dei transiti di frontiera.<\/li>\n<\/ul>\n<p>All\u2019appuntamento, il richiedente dovr\u00e0 poi portare anche:<\/p>\n<ul>\n<li>l\u2019originale del <strong>modulo<\/strong> di domanda;<\/li>\n<li>un valido <strong>documento di riconoscimento<\/strong> con fotografia;<\/li>\n<li><strong>due fotografie<\/strong> a colori recenti (non oltre 6 mesi), di buona qualit\u00e0, 3.5 x 4.5 cm, a colori su sfondo bianco.<\/li>\n<\/ul>\n<p>Il documento permette soltanto il rientro nel Paese di residenza ed \u00e8 valido per un solo viaggio, normalmente con una validit\u00e0 di tre giorni. L\u2019emissione dello EU ETD \u00e8 al momento gratuita per l\u2019utente, ma pu\u00f2 essere soggetta al pagamento della relativa tariffa consolare (v Tabella dei diritti consolari alla <a href=\"https:\/\/consvancouver.esteri.it\/it\/chi-siamo\/gli-uffici\/modulistica\/\" target=\"_blank\" rel=\"noopener\">pagina Modulistica<\/a>).<\/p>\n<p><strong><span style=\"text-decoration: underline;\">ATTENZIONE:<\/span> Obbligo di restituzione del documento<\/strong><\/p>\n<p>Una volta giunto a destinazione, il titolare dell\u2019EU ETD <strong>deve consegnare il documento alla polizia di frontiera o ad altro posto di polizia, indipendentemente dalla validit\u00e0 residua<\/strong>.<\/p>\n<p>Qualora il titolare di un EU ETD rilasciato da un Ufficio consolare viaggi verso un Paese diverso dall\u2019Italia, deve restituire il documento all\u2019Ufficio consolare italiano territorialmente competente per la localit\u00e0 di destinazione.<\/p>\n<hr \/>\n<p>Ultimo aggiornamento: 30\/04\/2026<\/p>\n","protected":false},"excerpt":{"rendered":"NOTA: tutti i MODULI cui si fa riferimento in questa pagina sono reperibili nella pagina Modulistica. 1. COSTO DEL PASSAPORTO E MODALITA\u2019 DI PAGAMENTO? Il costo del rilascio del passaporto, indipendentemente dalla sua validit\u00e0 (3, 5 o 10 anni), \u00e8 di EUR 116,00 da pagare esclusivamente in dollari canadesi. Il corrispondente valore in CAD attualmente [&hellip;]","protected":false},"author":10,"featured_media":0,"parent":144,"menu_order":1,"comment_status":"closed","ping_status":"closed","template":"","meta":{"footnotes":""},"class_list":["post-5946","page","type-page","status-publish","hentry"],"_links":{"self":[{"href":"https:\/\/consvancouver.esteri.it\/it\/wp-json\/wp\/v2\/pages\/5946","targetHints":{"allow":["GET"]}}],"collection":[{"href":"https:\/\/consvancouver.esteri.it\/it\/wp-json\/wp\/v2\/pages"}],"about":[{"href":"https:\/\/consvancouver.esteri.it\/it\/wp-json\/wp\/v2\/types\/page"}],"author":[{"embeddable":true,"href":"https:\/\/consvancouver.esteri.it\/it\/wp-json\/wp\/v2\/users\/10"}],"replies":[{"embeddable":true,"href":"https:\/\/consvancouver.esteri.it\/it\/wp-json\/wp\/v2\/comments?post=5946"}],"version-history":[{"count":7,"href":"https:\/\/consvancouver.esteri.it\/it\/wp-json\/wp\/v2\/pages\/5946\/revisions"}],"predecessor-version":[{"id":6235,"href":"https:\/\/consvancouver.esteri.it\/it\/wp-json\/wp\/v2\/pages\/5946\/revisions\/6235"}],"up":[{"embeddable":true,"href":"https:\/\/consvancouver.esteri.it\/it\/wp-json\/wp\/v2\/pages\/144"}],"wp:attachment":[{"href":"https:\/\/consvancouver.esteri.it\/it\/wp-json\/wp\/v2\/media?parent=5946"}],"curies":[{"name":"wp","href":"https:\/\/api.w.org\/{rel}","templated":true}]}}