{"id":4111,"date":"2025-06-04T10:13:57","date_gmt":"2025-06-04T17:13:57","guid":{"rendered":"https:\/\/consvancouver.esteri.it\/?page_id=4111"},"modified":"2026-04-09T14:53:30","modified_gmt":"2026-04-09T21:53:30","slug":"carta-didentita-elettronica-cie","status":"publish","type":"page","link":"https:\/\/consvancouver.esteri.it\/it\/servizi-consolari-e-visti\/servizi-per-il-cittadino-italiano\/carta-didentita-elettronica-cie\/","title":{"rendered":"Carta d\u2019Identit\u00e0 Elettronica (CIE)"},"content":{"rendered":"<p><strong>ATTENZIONE<\/strong>: Con la pubblicazione in Gazzetta Ufficiale della\u00a0<a href=\"https:\/\/www.gazzettaufficiale.it\/eli\/id\/2026\/02\/04\/26G00025\/sg\">Legge n.11 del 19 gennaio 2026<\/a>,\u00a0<strong>gli iscritti AIRE potranno richiedere la Carta d\u2019Identit\u00e0 Elettronica anche presso i Comuni italiani<\/strong>.<\/p>\n<p>In base alla previsione dell\u2019art. 5 della Legge 11\/2026,\u00a0<strong>a partire dal 1\u00b0 giugno 2026<\/strong>,\u00a0<strong>il cittadino italiano iscritto all\u2019Anagrafe degli Italiani Residenti all\u2019Estero (AIRE)\u00a0<\/strong><strong>potr\u00e0 presentare domanda per il rilascio della carta d\u2019identit\u00e0 elettronica presso\u00a0<u>qualsiasi\u00a0<\/u>Comune italiano<\/strong>.<\/p>\n<p>La carta d\u2019identit\u00e0 sar\u00e0 consegnata con le medesime modalit\u00e0 previste in caso di domanda presentata tramite l\u2019Ufficio consolare, con facolt\u00e0 per l\u2019interessato di ritirarla personalmente presso il Comune o, in alternativa, di richiederne la spedizione all\u2019estero.<\/p>\n<p>Per maggiori informazioni,\u00a0<strong>gli utenti dovranno rivolgersi ai singoli Comuni<\/strong>.<\/p>\n<p>&nbsp;<\/p>\n<p><strong>1. Che cos\u2019\u00e8 CIE?<\/strong><\/p>\n<p>CIE \u00e8 la Carta d\u2019Identit\u00e0 Elettronica, che ha sostituito la precedente carta d\u2019identit\u00e0 cartacea.<br \/>\nLa CIE contiene i dati biometrici del titolare (foto, impronte digitali, firma). Si tratta di un documento d\u2019identit\u00e0 che consente una maggiore fruibilit\u00e0 dei servizi online offerti dalla Pubblica Amministrazione italiana. La CIE pu\u00f2 essere utilizzata per viaggiare solo negli Stati membri dell\u2019Unione Europea, in alcuni Stati Schengen non UE e altri Stati con i quali siano in vigore accordi bilaterali.<\/p>\n<p><strong>NON \u00c8 POSSIBILE UTILIZZARE LA CIE PER ANDARE IN ITALIA DAL CANADA.<\/strong><\/p>\n<p>Per informazioni sui documenti richiesti per viaggiare all\u2019estero consultare il sito web Viaggiare Sicuri (<a href=\"https:\/\/www.viaggiaresicuri.it\">clicca qui<\/a>).<\/p>\n<p>La CIE \u00e8 dotata anche di una componente elettronica che rappresenta l\u2019identit\u00e0 digitale del cittadino. Per informazioni pi\u00f9 dettagliate si consiglia di consultare il seguente sito web <a href=\"https:\/\/www.cartaidentita.interno.gov.it\/\">Carta di Identit\u00e0 Elettronica (CIE) \u2013 Funziona, semplicemente (interno.gov.it)<\/a><\/p>\n<p><em>Il servizio di Carta d&#8217;identita&#8217; elettronica <strong>e&#8217; distinto<\/strong> dal servizio passaporti. Pertanto chi volesse fare domanda per entrambi, dovra&#8217; necessariamente richiedere due appuntamenti distinti seguendo le istruzioni sulle rispettive pagine di questo sito.<\/em><\/p>\n<hr \/>\n<p><strong>2. A chi \u00e8 rivolto il servizio presso il Consolato Generale di Vancouver? <\/strong><\/p>\n<p>Il servizio \u00e8 rivolto esclusivamente a:<\/p>\n<ul>\n<li><strong>Cittadini italiani<\/strong> che siano anche<\/li>\n<li><strong>Iscritti AIRE nella circoscrizione di Vancouver<\/strong> (che comprende le Provincie della British Columbia, dell\u2019Alberta, del Saskatchewan e il Territorio dello Yukon).<\/li>\n<\/ul>\n<p>Se si \u00e8 iscritti AIRE altrove, la CIE va richiesta al Consolato o Ambasciata ove si \u00e8 iscritti.<\/p>\n<p>Se si \u00e8 residenti nella circoscrizione di Vancouver ma non si \u00e8 iscritti AIRE pur avendone i requisiti, \u00e8 necessario presentare domanda d\u2019iscrizione. Per maggiori informazioni consultare il nostro sito web (<strong><a href=\"https:\/\/consvancouver.esteri.it\/it\/servizi-consolari-e-visti\/servizi-per-il-cittadino-italiano\/anagrafe-degli-italiani-residenti-allestero-aire\/\">clicca qui<\/a><\/strong>).<\/p>\n<p>Prima dell\u2019appuntamento, il Consolato deve verificare l\u2019avvenuta trascrizione in Italia dell\u2019atto di nascita del richiedente e verificare che lo stato civile sia aggiornato. In caso di mancata trascrizione dell\u2019atto di nascita o di mancato aggiornamento della posizione di stato civile, l\u2019appuntamento potrebbe non essere confermato e potranno essere fornite all\u2019utente ulteriori indicazioni.<\/p>\n<hr \/>\n<p><strong>3. Come richiedere una CIE presso il nostro Consolato Generale?<\/strong><\/p>\n<p>Per richiedere la CIE, e\u2019 necessario un appuntamento per tutti i richiedenti maggiorenni e per i minorenni dai 12 anni in su.<\/p>\n<p>Per i minori fino a 11 anni di et\u00e0, non essendo richiesta l\u2019acquisizione delle impronte digitali, non sar\u00e0 necessario un appuntamento: l\u2019intera procedura si potr\u00e0 fare per posta.<\/p>\n<p><strong>3.1. Richiedere una CIE per maggiorenni<\/strong><\/p>\n<p><strong>IMPORTANTE:<\/strong> Al momento, gli appuntamenti sono disponibili esclusivamente presso gli uffici di Vancouver.<\/p>\n<p>Dopo aver letto attentamente tutte le informazioni presenti su questa pagina, si puo\u2019 richiedere la CIE prenotando un appuntamento tramite il portale <a href=\"https:\/\/prenotami.esteri.it\/\">Prenot@mi<\/a><\/p>\n<p>Una volta aperto un profilo utente sul portale, selezionare il calendario relativo al servizio carte d\u2019identit\u00e0 e seguire le istruzioni che verrano fornite. All\u2019utente verra\u2019 anche richiesto di caricare sul portale Prenot@mi il Foglio Informativo <strong>CIE01v1 <\/strong>da scaricare dalla pagina Modulistica (<strong><a href=\"https:\/\/consvancouver.esteri.it\/it\/chi-siamo\/gli-uffici\/modulistica\/\">clicca qui<\/a><\/strong>).<\/p>\n<p><strong>ATTENZIONE: Se il Foglio Informativo non viene caricato sul portale Prenot@mi lo stesso giorno della prenotazione, l\u2019appuntamento verra\u2019 cancellato.<\/strong><\/p>\n<p><strong>ATTENZIONE:<\/strong> gli appuntamenti disponibili sono in numero limitato. Il calendario e\u2019 aperto per 6 settimane per volta: alla fine di ogni settimana si rendono disponibili gli appuntamenti per la settimana successiva.<\/p>\n<p><strong>3.2. Richiedere una CIE per minorenni fino a 11 anni di eta\u2019<\/strong><\/p>\n<p>Il primo passo \u00e8 quello di inviare il Foglio Informativo per Aggiornamento Dati, compilato e firmato, <strong>per email<\/strong> a \ud83d\udce7 <a href=\"mailto:passaporti.vancouver@esteri.it\">passaporti.vancouver@esteri.it<\/a><\/p>\n<p>Foglio Informativo per richiedenti minorenni: <strong>CIE02v1<\/strong><\/p>\n<p>Coloro che non possiedono un recapito di posta elettronica, possono inviarlo per posta ordinaria o per fax.<\/p>\n<p>Entro dieci giorni lavorativi dal ricevimento del Foglio Informativo, l\u2019Ufficio Passaporti risponder\u00e0 via email con l\u2019esito della verifica e le istruzioni sui passi successivi.<\/p>\n<p><strong>3.3. Richiedere una CIE per minorenni da 12 a 17 anni di et\u00e0<\/strong><\/p>\n<p>Poiche\u2019 dai 12 anni in su sono necessarie le impronte digitali, \u00e8 necessario richiedere un appuntamento per il minore, che dovr\u00e0 essere accompagnato da almeno un genitore.<\/p>\n<p>IMPORTANTE: Al momento, gli appuntamenti sono disponibili esclusivamente presso gli uffici di Vancouver.<\/p>\n<p>Dopo aver letto attentamente tutte le informazioni presenti su questa pagina, si puo\u2019 richiedere la CIE prenotando un appuntamento tramite il portale <a href=\"https:\/\/prenotami.esteri.it\/\">Prenot@mi<\/a><\/p>\n<p>Una volta aperto un profilo utente sul portale, selezionare il calendario relativo al servizio carte d\u2019identit\u00e0 e seguire le istruzioni che verrano fornite. All\u2019utente verra\u2019 anche richiesto di caricare sul portale Prenot@mi il Foglio Informativo <strong>CIE02v1 <\/strong>da scaricare dalla pagina Modulistica (<strong><a href=\"https:\/\/consvancouver.esteri.it\/it\/chi-siamo\/gli-uffici\/modulistica\/\">clicca qui<\/a><\/strong>).<\/p>\n<p><strong>ATTENZIONE: Se il Foglio Informativo non viene caricato sul portale Prenot@mi lo stesso giorno della prenotazione, l\u2019appuntamento verra\u2019 cancellato.<\/strong><\/p>\n<p><strong>ATTENZIONE:<\/strong> gli appuntamenti disponibili sono in numero limitato. Il calendario \u00e8 aperto per 12 settimane per volta: alla fine di ogni settimana si rendono disponibili gli appuntamenti per la settimana successiva.<\/p>\n<hr \/>\n<p><strong>4. Cosa portare il giorno dell\u2019appuntamento?<\/strong><\/p>\n<ul>\n<li>Passaporto italiano, anche se scaduto;<\/li>\n<li>Se disponibile, precedente Carta d\u2019Identit\u00e0 (anche cartacea);<\/li>\n<li>Solo in caso di precedente CIE smarrita o rubata: denuncia per furto\/smarrimento CIE presso le autorit\u00e0 locali di polizia;<\/li>\n<li>Solo in caso di richiesta per minori, presenza di entrambi i genitori o atto di assenso (<strong>PASS04<\/strong>) per il genitore\/genitori non presenti (vedere punto 7 per maggiori informazioni);<\/li>\n<li>Tariffa consolare, da pagare in contanti, o con money order\/bank draft intestato a Consulate General of Italy in Vancouver per l\u2019importo indicato nella Tabella dei Diritti Consolari, reperibile alla pagina \u201cModulistica\u201d (<strong><a href=\"https:\/\/consvancouver.esteri.it\/it\/chi-siamo\/gli-uffici\/modulistica\/\">clicca qui<\/a><\/strong>) &#8211; art. 28\/C.<\/li>\n<\/ul>\n<hr \/>\n<p><strong>5. Modalit\u00e0 di consegna della CIE<\/strong><\/p>\n<p><strong>ATTENZIONE:<\/strong> la CIE <strong>non<\/strong> viene rilasciata a vista il giorno dell\u2019appuntamento e non \u00e8 emessa dal Consolato, ma dall\u2019Istituto Poligrafico e Zecca dello Stato (IPZS), in Italia. L\u2019IPZS, ricevuta la domanda di rilascio CIE, provvede a spedire a mezzo posta raccomandata la CIE direttamente all\u2019indirizzo indicato dal richiedente.<\/p>\n<p>Il numero della spedizione, che ne consente la tracciabilit\u00e0 a cura dell\u2019utente, \u00e8 stampato sul modulo di domanda (punto 5).<\/p>\n<p>I tempi di consegna variano a seconda dell\u2019indirizzo e, in media, richiedono almeno <strong>cinque settimane.<\/strong><\/p>\n<p>Se la consegna non va a buon fine, il plico viene rispedito in Italia, presso l\u2019Ente emittente.<\/p>\n<p>Si raccomanda di fornire un indirizzo di <strong>recapito corretto<\/strong> e di monitorare con attenzione lo stato della spedizione.<\/p>\n<p><strong>ATTENZIONE:<\/strong> L\u2019utente deve conservare con cura il modulo di domanda consegnato per ricevuta e contenente il <strong>numero di spedizione della CIE<\/strong>. L\u2019utente pu\u00f2 ottenere informazioni sullo stato della spedizione <strong>solo<\/strong> tramite il numero indicato sul modulo. Il Consolato <strong>non dispone<\/strong> di informazioni in merito alla spedizione della CIE, in quanto non ne \u00e8 responsabile.<\/p>\n<hr \/>\n<p><strong>6. Per quanto tempo \u00e8 valida la CIE?<\/strong><\/p>\n<p>La validit\u00e0 della carta d\u2019identit\u00e0 varia a seconda dell\u2019et\u00e0 del titolare ed \u00e8 di:<\/p>\n<ul>\n<li>3 anni di validit\u00e0 per i minori di et\u00e0 compresa tra 0 e 3 anni;<\/li>\n<li>5 anni di validit\u00e0 per i minori di et\u00e0 compresa tra 4 e 17 anni;<\/li>\n<li>10 anni di validit\u00e0 per maggiorenni.<\/li>\n<\/ul>\n<hr \/>\n<p><strong>7. Che cos\u2019\u00e8 l\u2019atto di assenso?<\/strong><\/p>\n<p>L\u2019assenso per il rilascio della carta di identit\u00e0 per minorenni \u00e8 sempre necessario, anche in caso di genitori non sposati, separati o divorziati.<br \/>\nIl genitore italiano o cittadino dell\u2019Unione Europea che si trovasse fuori dalla circoscrizione consolare potr\u00e0 firmare il modulo di assenso <strong>PASS04a<\/strong> separatamente e farlo pervenire al Consolato anche via email (purch\u00e9 dal proprio indirizzo email personale), assieme a copia del proprio passaporto UE valido.<\/p>\n<p>Il genitore che non sia cittadino italiano o di un Paese UE potr\u00e0 firmare il modulo di assenso <strong>PASS04<\/strong> in presenza di un funzionario dell\u2019autorit\u00e0 italiana (Questura se in Italia, Ufficio Consolare o Notaio se all\u2019estero) e farlo pervenire in originale o via PEC al Consolato.<\/p>\n<p>In caso di decesso di uno dei genitori occorre presentare una copia del certificato di morte.<\/p>\n<p>&nbsp;<\/p>\n<p>Ultima modifica: 04\/06\/2025<\/p>\n","protected":false},"excerpt":{"rendered":"ATTENZIONE: Con la pubblicazione in Gazzetta Ufficiale della\u00a0Legge n.11 del 19 gennaio 2026,\u00a0gli iscritti AIRE potranno richiedere la Carta d\u2019Identit\u00e0 Elettronica anche presso i Comuni italiani. In base alla previsione dell\u2019art. 5 della Legge 11\/2026,\u00a0a partire dal 1\u00b0 giugno 2026,\u00a0il cittadino italiano iscritto all\u2019Anagrafe degli Italiani Residenti all\u2019Estero (AIRE)\u00a0potr\u00e0 presentare domanda per il rilascio della [&hellip;]","protected":false},"author":10,"featured_media":0,"parent":83,"menu_order":0,"comment_status":"closed","ping_status":"closed","template":"","meta":{"footnotes":""},"class_list":["post-4111","page","type-page","status-publish","hentry"],"_links":{"self":[{"href":"https:\/\/consvancouver.esteri.it\/it\/wp-json\/wp\/v2\/pages\/4111","targetHints":{"allow":["GET"]}}],"collection":[{"href":"https:\/\/consvancouver.esteri.it\/it\/wp-json\/wp\/v2\/pages"}],"about":[{"href":"https:\/\/consvancouver.esteri.it\/it\/wp-json\/wp\/v2\/types\/page"}],"author":[{"embeddable":true,"href":"https:\/\/consvancouver.esteri.it\/it\/wp-json\/wp\/v2\/users\/10"}],"replies":[{"embeddable":true,"href":"https:\/\/consvancouver.esteri.it\/it\/wp-json\/wp\/v2\/comments?post=4111"}],"version-history":[{"count":6,"href":"https:\/\/consvancouver.esteri.it\/it\/wp-json\/wp\/v2\/pages\/4111\/revisions"}],"predecessor-version":[{"id":5617,"href":"https:\/\/consvancouver.esteri.it\/it\/wp-json\/wp\/v2\/pages\/4111\/revisions\/5617"}],"up":[{"embeddable":true,"href":"https:\/\/consvancouver.esteri.it\/it\/wp-json\/wp\/v2\/pages\/83"}],"wp:attachment":[{"href":"https:\/\/consvancouver.esteri.it\/it\/wp-json\/wp\/v2\/media?parent=4111"}],"curies":[{"name":"wp","href":"https:\/\/api.w.org\/{rel}","templated":true}]}}