{"id":154,"date":"2023-01-12T19:09:00","date_gmt":"2023-01-12T18:09:00","guid":{"rendered":"https:\/\/consvancouver.esteri.it\/?page_id=154"},"modified":"2025-12-23T10:51:57","modified_gmt":"2025-12-23T18:51:57","slug":"pensioni-e-sicurezza-sociale","status":"publish","type":"page","link":"https:\/\/consvancouver.esteri.it\/it\/servizi-consolari-e-visti\/servizi-per-il-cittadino-italiano\/pensioni-e-sicurezza-sociale\/","title":{"rendered":"Pensioni e sicurezza sociale"},"content":{"rendered":"<p>Questa pagina fornisce alcune informazioni procedurali e l\u2019indicazione degli Uffici dei Patronati ai quali rivolgersi, a Vancouver e nella circoscrizione del Consolato Generale, per ottenere informazioni e assistenza gratuita sulla materia.<\/p>\n<p>AVVISO IMPORTANTE<br \/>\nGli Uffici dei Patronati che sono di seguito elencati sono gli unici che il Consolato riconosce in grado di inoltrare correttamente una pratica pensionistica.<br \/>\nNon rivolgetevi ad agenzie, persone o altri uffici i cui indirizzi non sono qui riportati.<\/p>\n<p><span style=\"text-decoration: underline;\"><strong>PATRONATI\u00a0IN VANCOUVER<\/strong><\/span><\/p>\n<p><strong>50 &amp; PIU&#8217; ENASCO<\/strong> &#8211; Direttrice Sabrina Mosciaro<br \/>\n103-3939 Hastings Street<br \/>\nBurnaby, BC V5C 2H8<br \/>\nTel: +1 604 294 2023<br \/>\nFax: +1 778 300 9987<br \/>\nOrari: lun.-ven. 9-12 13-17 (sab. e dom. chiuso)<br \/>\nE-mail generale: <a href=\"mailto:burnaby@enasco.it\">burnaby@enasco.it<\/a><br \/>\nPEC: <a href=\"mailto:50epiu.burnaby@pec.50epiu.it\">50epiu.burnaby@pec.50epiu.it<\/a><br \/>\nSito web: <a href=\"http:\/\/www.50epiu.it\">www.50epiu.it<\/a><\/p>\n<p><strong>INCA CGIL<\/strong> &#8211; Direttrice Giuseppina Di Noto<br \/>\n120-2891 East Hastings Street<br \/>\nVancouver, BC V5K 5J8<br \/>\nTel: +1 604 255 0908<br \/>\nE-mail generale: <a href=\"mailto:vancouverbc.canada@inca.it\">vancouverbc.canada@inca.it<\/a><br \/>\nE-mail Giuseppina Di Noto: <a href=\"mailto:g.dinoto@inca.it\">g.dinoto@inca.it<\/a><br \/>\nSito web: <a href=\"http:\/\/www.inca.it\">www.inca.it<\/a><\/p>\n<p><span style=\"text-decoration: underline;\"><strong>PATRONATO\u00a0IN EDMONTON<\/strong><\/span><\/p>\n<p><strong>INAS<\/strong> &#8211; Direttore Mila Feraco<br \/>\n9111-110 Avenue<br \/>\nEdmonton, Alberta T5H 4J9<br \/>\nTel: +1 780 421 9559<br \/>\nFax: +1 780 429 1984<br \/>\nE-mail: <a href=\"mailto:edmonton@inas.it\">edmonton@inas.it<\/a><br \/>\nSito web: <a href=\"https:\/\/patronatoinas.ca\/offices\/edmonton\/\">https:\/\/patronatoinas.ca\/offices\/edmonton\/<\/a><\/p>\n<p>&nbsp;<\/p>\n<p><strong>IL CERTIFICATO DI ESISTENZA IN VITA<\/strong><\/p>\n<p>Pensioni del Ministero dell&#8217;Economia e delle Finanze<br \/>\nLo devono produrre, due volte l&#8217;anno (nei mesi di gennaio e luglio), i pensionati che risiedono in Canada.<br \/>\nIl modello \u00e8 inviato dall\u2019autorit\u00e0 consolare all\u2019indirizzo del pensionato. Deve essere compilato e consegnato o rispedito nei termini ed alle condizioni indicati nella lettera.<\/p>\n<p>Pensioni I.N.P.S.<br \/>\nI pensionati, che riscuotono la propria pensione in Italia o in Canada, devono inviare il certificato di esistenza in vita soltanto se richiesto dall&#8217;I.N.P.S. o dall\u2019ente pagatore (Citibank).<br \/>\nLa ricevuta dell&#8217;assegno della pensione riporta la dicitura \u00a0&#8220;I.N.P.S.&#8221;\u00a0o &#8220;Tesoro&#8221;.<\/p>\n<p>&nbsp;<\/p>\n<p><strong>TIPI DI PENSIONE &#8211; INFORMAZIONI GENERALI<\/strong><\/p>\n<p>A) LA PENSIONE INPS DI VECCHIAIA<\/p>\n<p>Si concede a coloro che abbiano lavorato in Italia e versato contributi, creando una posizione assicurativa presso l&#8217;I.N.P.S.<\/p>\n<p>Il limite di et\u00e0 \u00e8 66 anni per gli uomini e le donne nel settore pubblico e, per il settore privato, 66 anni per gli uomini e 62 per le donne. L\u2019equiparazione a 66 anni per tutti avverr\u00e0 nel 2018 con adeguamenti progressivi.<\/p>\n<p>Per potere ottenere la pensione in &#8220;REGIME di CONVENZIONE ITALIA-CANADA&#8221; bisogna possedere in Italia un minimo di 53 settimane contributive (che siano di lavoro dipendente o autonomo o derivante da servizio militare).<\/p>\n<p>Per i lavoratori dipendenti il diritto alla pensione \u00e8 subordinato alla cessazione di ogni attivit\u00e0 lavorativa.<\/p>\n<p>Documenti necessari per la domanda di pensione di vecchiaia in base all&#8217;accordo Italia-Canada:<\/p>\n<p>&#8211; Social Insurance Number (SIN);<br \/>\n&#8211; passaporto italiano dove sia evidente la data di &#8220;Landed Immigrant&#8221; oppure Certificato di &#8220;Landed Immigrant&#8221;, rilasciato dagli uffici dell&#8217; &#8220;Immigration Canada&#8221;;<br \/>\n&#8211; documento di identit\u00e0 valido (patente o passaporto o carta di cittadinanza);\u00a0 &#8211; Certificato di Nascita ed eventuale Certificato di Matrimonio;<br \/>\n&#8211; documenti assicurativi di cui si \u00e8 in possesso (foglio matricolare, libretti di lavoro, ricevute di versamenti volontari).<\/p>\n<p>B) LA PENSIONE INPS DI ANZIANITA&#8217;<\/p>\n<p>Pu\u00f2 essere concessa qualora sia presente un&#8217; anzianit\u00e0 contributiva pari o superiore a 35 anni con almeno 57 anni di anzianit\u00e0 anagrafica per i lavoratori dipendenti e 40 anni per i lavoratori autonomi.<\/p>\n<p>Documenti necessari per la presentazione della domanda:<\/p>\n<p>&#8211; Social Insurance Number (SIN);<br \/>\n&#8211; Passaporto italiano dove sia evidente la data di &#8220;Landed Immigrant&#8221; oppure Certificato di &#8220;Landed Immigrant&#8221;, rilasciato dagli uffici dell'&#8221;Immigration Canada&#8221;;<br \/>\n&#8211; Documento di identit\u00e0 valido (patente o passaporto o carta di cittadinanza); \u00a0&#8211; Certificato di Nascita ed eventuale Certificato di Matrimonio;<br \/>\n&#8211; Documenti assicurativi di cui si \u00e8 in possesso (foglio matricolare, libretti di lavoro, ricevute di versamenti volontari).<\/p>\n<p>C) LA PENSIONE INPS DI INVALIDITA&#8217; (Assegno ordinario di invalidit\u00e0)<\/p>\n<p>Spetta all&#8217;assicurato la cui capacit\u00e0 di lavoro sia ridotta in modo permanente &#8211; a causa di infermit\u00e0 o di difetto fisico o mentale &#8211; a meno di un terzo. Condizione essenziale e\u2019 aver lavorato almeno 3 anni negli ultimi 5.<br \/>\nViene concessa inizialmente per la durata di tre anni e pu\u00f2 essere confermata su revisione dell&#8217;I.N.P.S. per periodi della stessa durata.<br \/>\nDopo 9 anni e 3 revisioni l&#8217;assegno viene concesso in via definitiva.<br \/>\nQuesta pensione non \u00e8 trasferibile ai supserstiti.<br \/>\nAl compimento dell&#8217;et\u00e0 richiesta per ottenere la pensione di vecchiaia, l&#8217;assegno di invalidit\u00e0 si trasforma automaticamente in pensione di vecchiaia, qualora esistano i requisiti contributivi e purch\u00e9 sia cessata ogni attivit\u00e0 lavorativa.<\/p>\n<p>Documenti necessari per la presentazione della domanda:<\/p>\n<p>&#8211; stessi documenti elencati per la pensione di vecchiaia;<br \/>\n&#8211; un certificato medico da cui risulti la percentuale di invalidit\u00e0.<\/p>\n<p>D) LA PENSIONE INPS DI INABILITA&#8217;<\/p>\n<p>Spetta all&#8217;assicurato che, per infermit\u00e0 o difetto fisico o mentale, si trovi nell&#8217;assoluta e permanente impossibilit\u00e0 di svolgere qualsiasi attivit\u00e0 lavorativa.<br \/>\n\u00c8 incompatibile con qualsiasi reddito da lavoro dipendente o subordinato, con i trattamenti di disoccupazione e ogni altro tipo di trattamento economico.<br \/>\nAi pensionati per inabilit\u00e0, residenti in Italia, che non possono camminare senza un accompagnatore e che hanno quindi bisogno di continua assistenza, spetta, a domanda, un assegno mensile per accompagnamento.<\/p>\n<p>I documenti da presentare nella domanda di pensione di invalidit\u00e0 sono gli stessi citati per la domanda di pensione di invalidit\u00e0.<\/p>\n<p>E) LA PENSIONE SOCIALE<\/p>\n<p>\u00c8 una prestazione che riveste carattere assistenziale, completamente slegata dai contributi, spettante soltanto a cittadini italiani che risiedono in Italia, che hanno almeno 65 anni e si trovano in condizioni economiche realmente disagiate.<\/p>\n<p>F) LA PENSIONE AI SUPERSTITI (Reversibilit\u00e0)<\/p>\n<p>La pensione ai superstiti o di reversibilit\u00e0 spetta al coniuge, in caso di decesso del lavoratore (non ancora pensionato o gi\u00e0 pensionato), e ai figli che, alla data di morte del genitore, siano:<\/p>\n<p>&#8211; minori di 18 anni;<br \/>\n&#8211; studenti di scuola media o professionale di et\u00e0 compresa tra i 18 e i 21 anni, a carico del genitore e che non svolgano attivit\u00e0 lavorativa;<br \/>\n&#8211; studenti universitari per tutta la durata del corso legale di laurea e comunque non oltre i 26 anni, a carico del genitore e che non svolgano attivit\u00e0 lavorativa;<br \/>\n&#8211; inabili di qualunque et\u00e0 e a carico del genitore.<\/p>\n<p>La pensione di reversibilit\u00e0 spetta al coniuge anche se separato legalmente (salvo alcuni casi particolari) e al coniuge divorziato (qualora ricorrano determinate condizioni).<\/p>\n<p>Documenti necessari per la presentazione della domanda:<\/p>\n<p>&#8211; Social Insurance Number (SIN) di ambedue i coniugi;<br \/>\n&#8211; passaporto italiano con la data di &#8220;Landed Immigrant&#8221; o certificato di &#8220;Landed Immigrant&#8221; rilasciato dagli uffici di &#8220;Immigration Canada&#8221;;<br \/>\n&#8211; documento valido con la foto (carta di cittadinanza o passaporto valido o patente) del richiedente;<br \/>\n&#8211; Certificato di Morte e Certificato di Stato di Famiglia;<br \/>\n&#8211; documenti assicurativi del contribuente defunto (foglio matricolare, libretti di lavoro, ricevute di versamenti volontari).<\/p>\n<p><strong>PER INFORMAZIONI PIU&#8217; DETTAGLIATE SI RIMANDA AI SEGUENTI SITI:<\/strong><\/p>\n<p>INPS\u00a0\u00a0 <a title=\"INPS\" href=\"http:\/\/www.inps.it\/\" target=\"_blank\" rel=\"noopener\">http:\/\/www.inps.it\/<\/a><\/p>\n<p>Ministero degli Affari Esteri\u00a0\u00a0 <a href=\"http:\/\/www.esteri.it\/MAE\/IT\/Italiani_nel_Mondo\/ServiziConsolari\/SicurezzaSociale.htmSicurezzaSociale.htm\">https:\/\/www.esteri.it\/it\/servizi-consolari-e-visti\/italiani-all-estero\/sicurezzasociale\/<\/a><\/p>\n<p>Ministero Economia e Finanze (in precedenza: Ministero del Tesoro)\u00a0\u00a0 <a href=\"https:\/\/www.mef.gov.it\">https:\/\/www.mef.gov.it<\/a><\/p>\n<hr \/>\n<p>Ultimo aggiornamento: 23\/12\/2025<\/p>\n","protected":false},"excerpt":{"rendered":"Questa pagina fornisce alcune informazioni procedurali e l\u2019indicazione degli Uffici dei Patronati ai quali rivolgersi, a Vancouver e nella circoscrizione del Consolato Generale, per ottenere informazioni e assistenza gratuita sulla materia. AVVISO IMPORTANTE Gli Uffici dei Patronati che sono di seguito elencati sono gli unici che il Consolato riconosce in grado di inoltrare correttamente una [&hellip;]","protected":false},"author":3,"featured_media":0,"parent":83,"menu_order":11,"comment_status":"closed","ping_status":"closed","template":"","meta":{"footnotes":""},"class_list":["post-154","page","type-page","status-publish","hentry"],"_links":{"self":[{"href":"https:\/\/consvancouver.esteri.it\/it\/wp-json\/wp\/v2\/pages\/154","targetHints":{"allow":["GET"]}}],"collection":[{"href":"https:\/\/consvancouver.esteri.it\/it\/wp-json\/wp\/v2\/pages"}],"about":[{"href":"https:\/\/consvancouver.esteri.it\/it\/wp-json\/wp\/v2\/types\/page"}],"author":[{"embeddable":true,"href":"https:\/\/consvancouver.esteri.it\/it\/wp-json\/wp\/v2\/users\/3"}],"replies":[{"embeddable":true,"href":"https:\/\/consvancouver.esteri.it\/it\/wp-json\/wp\/v2\/comments?post=154"}],"version-history":[{"count":7,"href":"https:\/\/consvancouver.esteri.it\/it\/wp-json\/wp\/v2\/pages\/154\/revisions"}],"predecessor-version":[{"id":5292,"href":"https:\/\/consvancouver.esteri.it\/it\/wp-json\/wp\/v2\/pages\/154\/revisions\/5292"}],"up":[{"embeddable":true,"href":"https:\/\/consvancouver.esteri.it\/it\/wp-json\/wp\/v2\/pages\/83"}],"wp:attachment":[{"href":"https:\/\/consvancouver.esteri.it\/it\/wp-json\/wp\/v2\/media?parent=154"}],"curies":[{"name":"wp","href":"https:\/\/api.w.org\/{rel}","templated":true}]}}