{"id":146,"date":"2023-01-12T19:07:13","date_gmt":"2023-01-12T18:07:13","guid":{"rendered":"https:\/\/consvancouver.esteri.it\/?page_id=146"},"modified":"2025-12-22T09:10:47","modified_gmt":"2025-12-22T17:10:47","slug":"anagrafe-degli-italiani-residenti-allestero-aire","status":"publish","type":"page","link":"https:\/\/consvancouver.esteri.it\/it\/servizi-consolari-e-visti\/servizi-per-il-cittadino-italiano\/anagrafe-degli-italiani-residenti-allestero-aire\/","title":{"rendered":"Anagrafe degli Italiani residenti all\u2019estero (AIRE)"},"content":{"rendered":"<ul>\n<li style=\"list-style-type: none;\">\n<ol>\n<li><strong><a href=\"#Cos\u2019\u00e8\" target=\"_self\" rel=\"noopener\">Cos\u2019\u00e8 l\u2019A.I.R.E.?<\/a><\/strong><\/li>\n<li><strong><a href=\"#Iscrizione\" target=\"_self\" rel=\"noopener\">Iscrizione all&#8217;A.I.R.E. (Anagrafe degli Italiani Residenti all\u2019Estero)<\/a><\/strong><\/li>\n<li><strong><a href=\"#Cambio\" target=\"_self\" rel=\"noopener\">Cambio di indirizzo<\/a><\/strong><\/li>\n<li><strong><a href=\"#Rimpatrio\" target=\"_self\" rel=\"noopener\">Rimpatrio dei cittadini iscritti all\u2019A.I.R.E.<\/a><\/strong><\/li>\n<li><strong><a href=\"#Certificato\" target=\"_self\" rel=\"noopener\">Certificato di iscrizione all\u2019A.I.R.E.<\/a><\/strong><\/li>\n<\/ol>\n<\/li>\n<\/ul>\n<p>&nbsp;<\/p>\n<p id=\"Cos\u2019\u00e8\"><em><strong>1. Cos\u2019\u00e8 l\u2019A.I.R.E.?<\/strong><\/em><\/p>\n<p>L\u2019Anagrafe degli Italiani Residenti all\u2019Estero (A.I.R.E.) \u00e8 stata istituita con legge 27 ottobre 1988, n. 470 e contiene i dati dei cittadini italiani che risiedono all\u2019estero per un periodo superiore ai dodici mesi. Essa \u00e8 gestita dai Comuni in Italia sulla base dei dati e delle informazioni provenienti dalle Rappresentanze consolari all\u2019estero.<\/p>\n<p>L\u2019iscrizione all\u2019A.I.R.E. \u00e8 un diritto-dovere del cittadino (art. 6 legge 470\/1988) e costituisce il presupposto per usufruire di una serie di servizi forniti ai connazionali, nonch\u00e9 per l\u2019esercizio di importanti diritti, quali per esempio:<\/p>\n<ul>\n<li>la possibilit\u00e0 di ottenere il rilascio o rinnovo di documenti di identit\u00e0 e di viaggio, nonch\u00e9 certificazioni;<\/li>\n<li>la possibilit\u00e0 di votare per elezioni politiche e referendum per corrispondenza nel paese di residenza;<\/li>\n<li>la possibilit\u00e0 di rinnovare la patente di guida.<\/li>\n<\/ul>\n<p>Si ricorda che l\u2019<strong>1 gennaio 2024<\/strong> \u00e8 entrata in vigore la <strong>Legge n. 213 del 30 dicembre 2023<\/strong> (Legge di Bilancio), la quale all\u2019art. 1, comma 242, modifica l\u2019art. 11 delle Legge n. 1228 del 1954, <strong>introducendo un regime sanzionatorio per coloro che non adempiono alle disposizioni di legge che impongono obblighi anagrafici<\/strong>. Chiunque, avendo obblighi anagrafici, contravviene alle disposizioni della Legge 24 dicembre 1954, n. 1228, della Legge 27 ottobre 1988, n. 470, e dei regolamenti di esecuzione delle predette leggi \u00e8 soggetto a sanzioni pecuniarie.<\/p>\n<p>L\u2019iscrizione all\u2019A.I.R.E. \u00e8 gratuita.<\/p>\n<p>Devono iscriversi all\u2019A.I.R.E.:<\/p>\n<ul>\n<li>le persone che trasferiscono la propria residenza all\u2019estero per periodi superiori a 12 mesi;<\/li>\n<li>coloro che gi\u00e0 risiedono all\u2019estero, sia perch\u00e9 nati all\u2019estero che per successivo acquisto della cittadinanza italiana a qualsiasi titolo.<\/li>\n<\/ul>\n<p>Non devono iscriversi all\u2019A.I.R.E.:<\/p>\n<ul>\n<li>le persone che si recano all\u2019estero per un periodo di tempo inferiore a un anno;<\/li>\n<li>i dipendenti di ruolo dello Stato in servizio all\u2019estero, che siano notificati ai sensi delle Convenzioni di Vienna sulle relazioni diplomatiche e sulle relazioni consolari rispettivamente del 1961 e del 1963;<\/li>\n<li>i militari italiani in servizio presso gli uffici e le strutture della NATO dislocate all\u2019estero.<\/li>\n<\/ul>\n<p>&nbsp;<\/p>\n<p id=\"Iscrizione\"><em><strong>2. Iscrizione all&#8217;A.I.R.E. (Anagrafe degli Italiani Residenti all\u2019Estero)<\/strong><\/em><\/p>\n<p>L\u2019iscrizione all\u2019A.I.R.E. deve essere effettuata entro 90 giorni dal trasferimento della residenza dall&#8217;Italia o da una diversa circoscrizione consolare e comporta la contestuale cancellazione dall\u2019Anagrafe della Popolazione Residente (A.P.R.) del Comune di provenienza o dal registro del Consolato o Ambasciata di provenienza.<br \/>\nCon l\u2019iscrizione all\u2019A.I.R.E. il cittadino italiano di prima emigrazione cessa di essere fiscalmente residente in Italia.<br \/>\nPer iscriversi all\u2019A.I.R.E. \u00e8 disponibile il portale Fast It.<\/p>\n<p><span style=\"text-decoration: underline;\"><strong>Cos\u2019e\u2019 Fast It?<\/strong><\/span><br \/>\nFast It (Farnesina Servizi Telematici per Italiani\/e all\u2019estero) \u00e8 un portale web del Ministero degli Affari Esteri e della Cooperazione Internazionale, che permette ai connazionali residenti all\u2019estero di ottenere alcuni servizi consolari online.<\/p>\n<p><span style=\"text-decoration: underline;\"><strong>Come si usa Fast It?<\/strong><\/span><br \/>\nPer accedere al portale clicca <a href=\"https:\/\/serviziconsolari.esteri.it\/home\"><strong>QUI<\/strong><\/a>.<br \/>\nSe non si possiede gi\u00e0 un account \u00e8 necessario innanzitutto registrarsi. Per registrarsi l\u2019utente dovr\u00e0 cliccare su \u201cRegistrazione\u201d, inserire il proprio indirizzo e-mail e scegliere una password, seguendo le indicazioni fornite dal portale.<br \/>\nSi dovr\u00e0 poi compilare la scheda con le generalit\u00e0 personali (da riportare esattamente come appaiono sul passaporto italiano), inclusa la localit\u00e0 di residenza all\u2019estero. Terminati questi passaggi, l\u2019interessato\/a ricever\u00e0 un\u2019e-mail di conferma con un link di attivazione sul quale dovr\u00e0 cliccare. Si consiglia di controllare anche la cartella di \u201cposta indesiderata\u201d o spam.<br \/>\nConclusa la registrazione, l\u2019utente potr\u00e0 richiedere il servizio di cui ha bisogno. Si consiglia di accedere da un computer piuttosto che da uno smartphone. Si consiglia inoltre di assicurarsi di disporre di stampante e scanner.<\/p>\n<p><span style=\"text-decoration: underline;\"><strong>Come si richiede l\u2019iscrizione all\u2019A.I.R.E.?<\/strong><\/span><br \/>\nDalla homepage accedere al proprio account (cliccando su \u201clogin\u201d), selezionare \u201cAnagrafe Consolare e AIRE\u201d e poi \u201cRichiedere l\u2019iscrizione all\u2019Anagrafe degli Italiani all\u2019Estero\u201d, quindi seguire le istruzioni disponibili sul sito.<\/p>\n<p>\u00c8 importante assicurarsi di:<\/p>\n<ul>\n<li>inserire i dati personali\u00a0 in modo che rispecchino ESATTAMENTE quelli riportati sul passaporto italiano oppure quelli riportati sull\u2019atto di nascita originale, emesso dal Comune italiano, se non si possiede un passaporto italiano;<\/li>\n<li>riportare eventuali secondi nomi nel campo \u201cNome\u201d;<\/li>\n<li>inserire le date usando il formato europeo: giorno \/ mese \/ anno;<\/li>\n<li>indicare la data esatta di arrivo nella circoscrizione consolare ed il luogo di provenienza (citt\u00e1 e paese).<\/li>\n<\/ul>\n<p>A corredo della domanda, e\u2019 necessario caricare sul portale la seguente documentazione:<\/p>\n<ol>\n<li><strong>Modulo di richiesta<\/strong>. Il modulo viene generato da Fast It dopo l\u2019inserimento dei dati. Occorre firmarlo e caricare poi la scansione sul portale.<\/li>\n<li>Copia del proprio <strong>passaporto italiano<\/strong> in corso di validit\u00e0 (da pag. 2 a pag. 5 inclusa, o carta d\u2019identit\u00e0\u2019) e di quello di eventuali familiari conviventi e di figli minori anche se non conviventi.<br \/>\nCopia del passaporto scaduto se non si e\u2019 in possesso di uno valido.<br \/>\nIn mancanza di documenti d\u2019identit\u00e0 italiani, allegare un estratto dell\u2019atto di nascita rilasciato dal Comune italiano.<\/li>\n<li>Per i doppi cittadini: copia del proprio <strong>passaporto straniero<\/strong> in corso di validit\u00e0 e di quello dei familiari conviventi.<\/li>\n<li><strong>Prova di domicilio<\/strong> (patente di guida o ID provinciale, bolletta, contratto d\u2019affitto, ecc.) da cui risulti l\u2019indirizzo dichiarato nel modulo.<\/li>\n<li>Copia del proprio permesso di studio o lavoro, Permanent Resident Card o Certificato di Cittadinanza canadese (solo per coloro che non sono nati in Canada) e di quello dei familiari conviventi.<\/li>\n<\/ol>\n<p>I documenti devono essere in formato PDF o jpeg e ogni file deve avere una dimensione massima di 1 MB.<\/p>\n<p><span style=\"text-decoration: underline;\"><strong>Come si visualizzano i dati presenti nello schedario consolare?<\/strong><\/span><br \/>\nDalla homepage accedere al proprio account (cliccando su \u201clogin\u201d), selezionare \u201cAnagrafe Consolare e AIRE\u201d e poi \u201cVisualizzare la propria scheda anagrafica\u201d. In questo modo l\u2019interessato\/a gi\u00e0 iscritto\/a all\u2019A.I.R.E. potr\u00e0 verificare se i propri dati conservati nello schedario consolare siano completi e corretti e, se necessario, chiederne l\u2019aggiornamento.<\/p>\n<p><span style=\"text-decoration: underline;\"><strong>Cosa fare in caso non sia possibile usare il portale Fast It?<\/strong><\/span><br \/>\nSolo qualora non sia materialmente possibile utilizzare il portale Fast It, \u00e8 possibile richiedere l\u2019iscrizione in A.I.R.E. via email inviando la documentazione elencata di seguito all\u2019indirizzo email <a href=\"mailto:aire.vancouver@esteri.it\">aire.vancouver@esteri.it<\/a>:<\/p>\n<ol>\n<li><strong>Modulo AIRE01<\/strong> (presente nella sezione <a href=\"https:\/\/consvancouver.esteri.it\/it\/chi-siamo\/gli-uffici\/modulistica\/\">Modulistica<\/a>) debitamente compilato e firmato per s\u00e9 e il proprio nucleo familiare convivente. Il modulo deve essere compilato da ogni membro della famiglia che sia un cittadino italiano maggiorenne.<\/li>\n<li>Copia del proprio <strong>passaporto italiano<\/strong> in corso di validit\u00e0 (da pag. 2 a pag. 5 inclusa, o carta d\u2019identit\u00e0\u2019) e di quello di eventuali familiari conviventi e di figli minori anche se non conviventi.<br \/>\nCopia del passaporto scaduto se non si e\u2019 in possesso di uno valido.<br \/>\nIn mancanza di documenti d\u2019identit\u00e0 italiani, allegare un estratto dell\u2019atto di nascita rilasciato dal Comune italiano.<\/li>\n<li>Per i doppi cittadini: copia del proprio <strong>passaporto straniero<\/strong> in corso di validit\u00e0 e di quello dei familiari conviventi.<\/li>\n<li><strong>Prova di domicilio<\/strong> (patente di guida o ID provinciale, bolletta, contratto d\u2019affitto, ecc.) da cui risulti l\u2019indirizzo dichiarato nel modulo.<\/li>\n<li>Copia del proprio permesso di studio o lavoro, Permanent Resident Card o Certificato di Cittadinanza canadese (solo per coloro che non sono nati in Canada) e di quello dei familiari conviventi.<\/li>\n<\/ol>\n<p>I documenti devono essere in formato PDF o jpeg e i file caricati per email non devono superare i 5 MB.<\/p>\n<p>&nbsp;<\/p>\n<p id=\"Cambio\"><em><strong>3. Cambio di indirizzo<\/strong><\/em><\/p>\n<p>Attraverso il portale Fast It \u00e8 possibile comunicare un cambio d\u2019indirizzo all\u2019interno della stessa circoscrizione consolare o il trasferimento ad un\u2019altra circoscrizione consolare (ad esempio da Toronto a Vancouver).<\/p>\n<p>Per accedere a questo servizio e\u2019 necessario collegarsi al portale <strong><a href=\"https:\/\/serviziconsolarionline.esteri.it\/ScoFE\/index.sco\">Fast It<\/a><\/strong>, entrare nel proprio account (cliccando su \u201clogin\u201d), selezionare \u201cAnagrafe Consolare e AIRE\u201d, poi \u201cComunicare la variazione della propria residenza\u201d, quindi seguire le istruzioni disponibili sul sito.<\/p>\n<p>A corredo della domanda di cambio d\u2019indirizzo all\u2019interno della stessa circoscrizione e\u2019 necessario caricare sul portale la seguente documentazione:<\/p>\n<ol>\n<li>Il <strong>modulo \u201cComunicazione cambio residenza\u201d<\/strong> (obbligatorio) che va scaricato dopo aver inserito i propri dati sul portale e firmato.<\/li>\n<li>Copia di un <strong>documento di identit\u00e0 valido<\/strong>.<\/li>\n<li><strong>Prova di domicilio<\/strong> (patente di guida o ID provinciale, bolletta, contratto d\u2019affitto, ecc.) da cui risulti l\u2019indirizzo dichiarato nel modulo.<\/li>\n<\/ol>\n<p>Solo qualora non sia materialmente possibile utilizzare il portale Fast It, \u00e8 possibile comunicare il cambio di indirizzo via email inviando la documentazione elencata di seguito all\u2019indirizzo email <a href=\"mailto:aire.vancouver@esteri.it\">aire.vancouver@esteri.it<\/a>:<\/p>\n<ol>\n<li><strong>Modulo AIRE03<\/strong> (presente nella sezione <a href=\"https:\/\/consvancouver.esteri.it\/it\/chi-siamo\/gli-uffici\/modulistica\/\">Modulistica<\/a>) debitamente compilato e firmato per s\u00e9 e il proprio nucleo familiare convivente.<\/li>\n<li>Copia di un <strong>documento di identit\u00e0 valido<\/strong>.<\/li>\n<li><strong>Prova di domicilio<\/strong> (patente di guida o ID provinciale, bolletta, contratto d\u2019affitto, ecc.) da cui risulti l\u2019indirizzo dichiarato nel modulo.<\/li>\n<\/ol>\n<p>Il mancato aggiornamento delle informazioni, in particolare di quelle riguardanti il cambio di indirizzo, rende impossibile il contatto con il cittadino per le informazioni ed i servizi a lui riservati e per l\u2019inoltro della cartolina o del plico elettorale in caso di votazioni. In caso di accertata irreperibilit\u00e0 questo Consolato Generale proceder\u00e0 d\u2019ufficio alla cancellazione dall\u2019A.I.R.E.<\/p>\n<p>&nbsp;<\/p>\n<p id=\"Rimpatrio\"><em><strong>4. Rimpatrio dei cittadini iscritti all\u2019A.I.R.E.<\/strong><\/em><\/p>\n<p>I cittadini iscritti in A.I.R.E. che rientrano definitivamente in Italia dovranno presentarsi presso il Comune dove hanno deciso di stabilirsi per dichiarare il nuovo indirizzo di residenza.<br \/>\nIl Comune provveder\u00e0 alla cancellazione dall\u2019A.I.R.E. con contestuale iscrizione in A.P.R. (Anagrafe Popolazione Residente).<br \/>\n\u00c8 cura del Comune comunicare ufficialmente la data di decorrenza del rimpatrio al Consolato di provenienza che la registrer\u00e0 nei propri schedari consolari.<\/p>\n<p>&nbsp;<\/p>\n<p id=\"Certificato\"><em><strong>5. Certificato di iscrizione all\u2019A.I.R.E.<\/strong><\/em><\/p>\n<p>Gli schedari consolari non hanno valore anagrafico. Pertanto, gli uffici consolari non possono rilasciare certificati di nascita, iscrizione all&#8217;A.I.R.E. n\u00e9 di stato di famiglia, che possono essere rilasciati solo dal Comune italiano di iscrizione.<\/p>\n<p>Il Consolato potr\u00e0 rilasciare solo un\u2019attestazione di iscrizione nello schedario consolare, nella quale verr\u00e0 indicato che l\u2019interessato risulta all\u2019indirizzo registrato in schedario, nonch\u00e9, se presente, la composizione del nucleo familiare.<\/p>\n<p>&nbsp;<\/p>\n<hr \/>\n<p><em>Ultima modifica: 22\/12\/2025<\/em><\/p>\n","protected":false},"excerpt":{"rendered":"Cos\u2019\u00e8 l\u2019A.I.R.E.? Iscrizione all&#8217;A.I.R.E. (Anagrafe degli Italiani Residenti all\u2019Estero) Cambio di indirizzo Rimpatrio dei cittadini iscritti all\u2019A.I.R.E. Certificato di iscrizione all\u2019A.I.R.E. &nbsp; 1. Cos\u2019\u00e8 l\u2019A.I.R.E.? L\u2019Anagrafe degli Italiani Residenti all\u2019Estero (A.I.R.E.) \u00e8 stata istituita con legge 27 ottobre 1988, n. 470 e contiene i dati dei cittadini italiani che risiedono all\u2019estero per un periodo superiore [&hellip;]","protected":false},"author":3,"featured_media":0,"parent":83,"menu_order":3,"comment_status":"closed","ping_status":"closed","template":"","meta":{"footnotes":""},"class_list":["post-146","page","type-page","status-publish","hentry"],"_links":{"self":[{"href":"https:\/\/consvancouver.esteri.it\/it\/wp-json\/wp\/v2\/pages\/146","targetHints":{"allow":["GET"]}}],"collection":[{"href":"https:\/\/consvancouver.esteri.it\/it\/wp-json\/wp\/v2\/pages"}],"about":[{"href":"https:\/\/consvancouver.esteri.it\/it\/wp-json\/wp\/v2\/types\/page"}],"author":[{"embeddable":true,"href":"https:\/\/consvancouver.esteri.it\/it\/wp-json\/wp\/v2\/users\/3"}],"replies":[{"embeddable":true,"href":"https:\/\/consvancouver.esteri.it\/it\/wp-json\/wp\/v2\/comments?post=146"}],"version-history":[{"count":6,"href":"https:\/\/consvancouver.esteri.it\/it\/wp-json\/wp\/v2\/pages\/146\/revisions"}],"predecessor-version":[{"id":5280,"href":"https:\/\/consvancouver.esteri.it\/it\/wp-json\/wp\/v2\/pages\/146\/revisions\/5280"}],"up":[{"embeddable":true,"href":"https:\/\/consvancouver.esteri.it\/it\/wp-json\/wp\/v2\/pages\/83"}],"wp:attachment":[{"href":"https:\/\/consvancouver.esteri.it\/it\/wp-json\/wp\/v2\/media?parent=146"}],"curies":[{"name":"wp","href":"https:\/\/api.w.org\/{rel}","templated":true}]}}