{"id":13,"date":"2023-01-12T15:04:11","date_gmt":"2023-01-12T14:04:11","guid":{"rendered":"https:\/\/consvancouver.esteri.it\/?page_id=13"},"modified":"2023-05-17T00:55:15","modified_gmt":"2023-05-16T22:55:15","slug":"italia-e-canada","status":"publish","type":"page","link":"https:\/\/consvancouver.esteri.it\/it\/italia-e-canada\/","title":{"rendered":"Italia e Canada"},"content":{"rendered":"<p>Le relazioni tra Italia e Canada sono caratterizzate da vincoli storici di lunga data. Emblematica \u00e8 infatti la presenza in Canada di una grande e dinamica comunit\u00e0 di italo-canadesi. Negli anni la cooperazione si \u00e8 sviluppata su diversi fronti, dal settore scientifico a quello politico, culturale e commerciale. La storia dei rapporti bilaterali \u00e8 ricca di iniziative finalizzate a promuovere l\u2019innovazione, l\u2019arte, la scienza e il patrimonio linguistico; in ambito educativo, da anni sono promossi programmi di scambio universitario e di ricerca al fine di favorire la mobilit\u00e0 tra i giovani.<\/p>\n<p>A livello istituzionale, Italia e Canada collaborano nell\u2019ambito di numerose organizzazioni multilaterali come le Nazioni Unite, la NATO e il G7. Nel 2017, i due Paesi hanno celebrato il settantacinquesimo anniversario dello stabilimento delle relazioni diplomatiche bilaterali.<\/p>\n","protected":false},"excerpt":{"rendered":"Le relazioni tra Italia e Canada sono caratterizzate da vincoli storici di lunga data. Emblematica \u00e8 infatti la presenza in Canada di una grande e dinamica comunit\u00e0 di italo-canadesi. Negli anni la cooperazione si \u00e8 sviluppata su diversi fronti, dal settore scientifico a quello politico, culturale e commerciale. La storia dei rapporti bilaterali \u00e8 ricca [&hellip;]","protected":false},"author":1,"featured_media":0,"parent":0,"menu_order":0,"comment_status":"closed","ping_status":"closed","template":"","meta":{"footnotes":""},"class_list":["post-13","page","type-page","status-publish","hentry"],"_links":{"self":[{"href":"https:\/\/consvancouver.esteri.it\/it\/wp-json\/wp\/v2\/pages\/13","targetHints":{"allow":["GET"]}}],"collection":[{"href":"https:\/\/consvancouver.esteri.it\/it\/wp-json\/wp\/v2\/pages"}],"about":[{"href":"https:\/\/consvancouver.esteri.it\/it\/wp-json\/wp\/v2\/types\/page"}],"author":[{"embeddable":true,"href":"https:\/\/consvancouver.esteri.it\/it\/wp-json\/wp\/v2\/users\/1"}],"replies":[{"embeddable":true,"href":"https:\/\/consvancouver.esteri.it\/it\/wp-json\/wp\/v2\/comments?post=13"}],"version-history":[{"count":0,"href":"https:\/\/consvancouver.esteri.it\/it\/wp-json\/wp\/v2\/pages\/13\/revisions"}],"wp:attachment":[{"href":"https:\/\/consvancouver.esteri.it\/it\/wp-json\/wp\/v2\/media?parent=13"}],"curies":[{"name":"wp","href":"https:\/\/api.w.org\/{rel}","templated":true}]}}