{"id":105,"date":"2023-01-12T17:42:51","date_gmt":"2023-01-13T01:42:51","guid":{"rendered":"https:\/\/consvancouver.esteri.it\/chi-siamo\/la-rete-consolare\/"},"modified":"2025-10-06T08:59:53","modified_gmt":"2025-10-06T15:59:53","slug":"la-rete-consolare","status":"publish","type":"page","link":"https:\/\/consvancouver.esteri.it\/en\/chi-siamo\/la-rete-consolare\/","title":{"rendered":"The Consular network"},"content":{"rendered":"<p><strong>Diplomatic and Consular Offices in Canada<\/strong><\/p>\n<p><a title=\"Go to the Web Site of the Embassy of Italy in Ottawa\" href=\"https:\/\/ambottawa.esteri.it\/en\/\"><strong>Embassy of Italy &#8211; Ottawa<\/strong><\/a><br \/>\n275 Slater Street, 21st Floor<br \/>\nOttawa, Ontario K1P 5H9<br \/>\nTel. (613) 232 2401<br \/>\nFax (613) 233 1484<br \/>\nEmail:\u00a0<a href=\"mailto:ambasciata.ottawa@esteri.it\">ambasciata.ottawa@esteri.it<\/a><\/p>\n<p><a title=\"Go to the Web Site of the Embassy of Consulate General of Italy in Montr\u00e9al\" href=\"https:\/\/consmontreal.esteri.it\/en\/\"><strong>Consulate General of Italy &#8211; Montr\u00e9al<\/strong><\/a><br \/>\n3489 Avenue Drummond<br \/>\nMontr\u00e9al, Qu\u00e9bec H3G 1X6<br \/>\nTel. (514) 849 8351<br \/>\nFax (514) 499 9471<br \/>\nEmail:\u00a0<a href=\"mailto:consolato.montreal@esteri.it\">consolato.montreal@esteri.it<\/a><\/p>\n<p>Consular district: Qu\u00e9bec (with the exception of territories that belong to the Consular district of the Italian Embassy in Ottawa), Nova Scotia, Prince Edward Island, New Brunswick and Newfoundland<\/p>\n<p><a title=\"Go to the Web Site of the Consulate General of Italy in Toronto\" href=\"https:\/\/constoronto.esteri.it\/en\/\"><strong>Consulate General of Italy &#8211; Toronto<\/strong><\/a><br \/>\n136 Beverley Street<br \/>\nToronto, Ontario M5T 1Y5<br \/>\nTel. (416) 977 1566<br \/>\nFax (416) 977 1119<br \/>\nEmail:\u00a0<a href=\"mailto:consolato.toronto@esteri.it\">consolato.toronto@esteri.it<\/a><\/p>\n<p>Consular district: Ontario (with the exception of territories that belong to the Consular district of the Italian Embassy in Ottawa), Manitoba and Northwest Territories<\/p>\n<p><strong><br \/>\nConsular Services Branch Office &#8211; Edmonton<br \/>\n<\/strong>2592 Commerce Place<br \/>\n10155-102 Street<br \/>\nEdmonton, Alberta T5J 4G8<br \/>\nTel. (780) 423 5153<br \/>\nEmail: <a href=\"mailto:edmonton.vancouver@esteri.it\">edmonton.vancouver@esteri.it<\/a><\/p>\n<p>&nbsp;<\/p>\n<p><strong>Italian Cultural Institutes in Canada<\/strong><\/p>\n<p><a title=\"Go to the Web Site of the Italian Cultural Institute in Toronto\" href=\"https:\/\/iictoronto.esteri.it\/en\/\"><strong>Italian Cultural Institute &#8211; Toronto<\/strong><\/a><br \/>\n496 Huron Street<br \/>\nToronto, Ontario M5R 2R3<br \/>\nTel. (416) 921 3802<br \/>\nFax (416) 962 2503<br \/>\nEmail:\u00a0<a href=\"mailto:iicToronto@esteri.it\">iicToronto@esteri.it<\/a><\/p>\n<p><a title=\"Go to the Web Site of the Italian Cultural Institute in Montr\u00e9al\" href=\"https:\/\/iicmontreal.esteri.it\/en\/\"><strong>Italian Cultural Institute &#8211; Montr\u00e9al<\/strong><\/a><br \/>\n1200 Docteur Penfield Avenue<br \/>\nMontr\u00e9al, Qu\u00e9bec H3A 1A9<br \/>\nTel. (514) 849 3473<br \/>\nFax (514) 849 2569<br \/>\nEmail:\u00a0<a href=\"mailto:iicmontreal@esteri.it\">iicmontreal@esteri.it<\/a><\/p>\n<p><strong>Other Italian Public Offices in Canada<\/strong><\/p>\n<p><a href=\"https:\/\/www.ice.it\/en\/\"><strong>ICE &#8211; Italian Trade Commission &#8211; Toronto<\/strong><\/a><br \/>\n180 Dundas Street West, Suite 2002<br \/>\nP.O. Box n.2<br \/>\nToronto, Ontario M5G 1Z8<br \/>\nTel. (416) 598 1566<br \/>\nFax (416) 598 1610<br \/>\nEmail:\u00a0<a href=\"mailto:toronto@ice.it\">toronto@ice.it<\/a><\/p>\n<p><a href=\"https:\/\/www.ice.it\/en\/markets\/canada\/montreal\"><strong>ICE &#8211; Italian Trade Commission &#8211; Montr\u00e9al<\/strong><\/a><br \/>\n1001 boul. de Masionneuve Ouest, bureau 930<br \/>\nMontr\u00e9al, Qu\u00e9bec H3A 1Z4<br \/>\nTel. (514) 284 0265<br \/>\nFax (514) 284 0362<br \/>\nEmail:\u00a0<a href=\"mailto:montreal@ice.it\">montreal@ice.it<\/a><\/p>\n<p><a title=\"Vai alla pagina ICE di Montreal. Attenzione! Questo link apre un sito esterno\" href=\"https:\/\/www.ice.it\/en\/\"><strong>ICE &#8211; Italian Trade Commission &#8211; Vancouver<\/strong><\/a><br \/>\n785-1199 West Pender Street<br \/>\nVancouver, BC V6E 2R1<br \/>\nTel. (604) 416 4874<br \/>\nEmail:\u00a0 <a href=\"mailto:montreal@ice.it\">vancouver@ice.it<\/a><\/p>\n<p><a title=\"Go to the Italian Tourism web site. Attention! Link to un external site\" href=\"https:\/\/www.enit.it\/en\/toronto\"><strong>ENIT &#8211; Italian Tourism Board &#8211; Toronto<\/strong><\/a><br \/>\n100 Yonge Street &#8211; Suite 503<br \/>\nToronto, Ontario M5C 1T4<br \/>\nTel. (416) 925 4882<br \/>\nFax (416) 925 4799<br \/>\nEmail:\u00a0<a href=\"mailto:toronto@enit.it\">toronto@enit.it<\/a><\/p>\n<p>&nbsp;<\/p>\n<p><strong>Honorary Consuls\u00a0<\/strong><\/p>\n<p><strong>CALGARY<\/strong><br \/>\n<strong>Andrea Riccio\u00a0<\/strong><br \/>\nBy appointment only<br \/>\nEmail: <a href=\"mailto:calgary.onorario@esteri.it\">calgary.onorario@esteri.it<\/a><\/p>\n<p><strong>Consular Agents<\/strong><\/p>\n<p><strong>KELOWNA (BC)<\/strong><br \/>\n<strong>&#8212;&#8212;&#8212;&#8212;&#8212;&#8212;&#8212;&#8211;<\/strong><\/p>\n<p><strong>Consular Correspondents<\/strong><\/p>\n<p><strong>BRITISH COLUMBIA<\/strong><\/p>\n<p><strong>CAMPBELL RIVER<\/strong><br \/>\n<strong>Franco SARTOR<\/strong><br \/>\n3662 Vermont Place<br \/>\nCampbell River, BC V9H 1V3<br \/>\nTel. +1 (250) 287 6997<br \/>\nEmail:\u00a0<a href=\"mailto:fsartor@shaw.ca\">fsartor@shaw.ca<\/a><\/p>\n<p><strong>KAMLOOPS<\/strong><br \/>\n<strong>Giovanni Trotta<\/strong><br \/>\n814 Lorne Street<br \/>\nKamloops, BC V2C 1W8<br \/>\nTel. +1 (250) 318 2991<br \/>\nEmail: <a href=\"mailto:jtrotta65@gmail.com\" target=\"_blank\" rel=\"noopener\">jtrotta65@gmail.com<\/a><\/p>\n<p><strong>PORT ALBERNI<\/strong><br \/>\n<strong>Joe BERNABEI<\/strong><br \/>\n3871 Galiano Drive<br \/>\nPort Alberni, BC V9Y 8C8<br \/>\nTel. (250) 723 8964<br \/>\nEmail:\u00a0<a href=\"mailto:joebernabei3@gmail.com\">joebernabei3@gmail.com<\/a><\/p>\n<p><strong>POWELL RIVER<\/strong><br \/>\n<strong>Claudia CAPPIELLO<\/strong><br \/>\n4018 Lytton Avenue<br \/>\nPowell River, BC V8A 5C6<br \/>\nTel. (604) 485 9074<br \/>\nEmail:\u00a0<a href=\"mailto:cappitalia@shaw.ca\">cappitalia@shaw.ca<\/a><\/p>\n<p><strong>PRINCE RUPERT<br \/>\n<\/strong>&#8212;&#8212;&#8212;&#8212;&#8212;&#8212;&#8212;&#8211;<\/p>\n<p><strong>PRINCE GEORGE<\/strong><br \/>\n<strong>Anna Monetta<\/strong><br \/>\nTel. (778) 281 2845<br \/>\nEmail:\u00a0<a href=\"mailto:amonetta@shaw.ca\">amonetta@shaw.ca<\/a><\/p>\n<p><strong>TRAIL\u00a0<\/strong><br \/>\n<strong>Mauro CHIOCCHETTI\u00a0<\/strong><br \/>\nTel. +1 (250) 878 9610<br \/>\nEmail: chiocchetti76@yahoo.it<\/p>\n<p><strong>VICTORIA\u00a0<\/strong><br \/>\n<strong>Silvana SACCOMANI\u00a0<\/strong><br \/>\nTel. +1 (250) 986 6336<br \/>\nEmail: <a href=\"mailto:CorrisConsolare.Victoria@gmail.com\">CorrisConsolare.Victoria@gmail.com<\/a><\/p>\n<p><strong>SASKATCHEWAN<\/strong><\/p>\n<p><strong>REGINA<\/strong><br \/>\n<strong>Cav. Sebastiano DEIANA<\/strong><br \/>\n3148 Wimbledon Bay<br \/>\nRegina, SK, S4V 2Y6<br \/>\nTel. (306) 775 2576<br \/>\nFax (306) 757 2465<br \/>\nEmail: deianagc@sasktel.net<\/p>\n<p><strong>SASKATOON<br \/>\nLucia ZUIN<br \/>\n<\/strong>Email:\u00a0<a href=\"mailto:zuin.l.sk@gmail.com\">zuin.l.sk@gmail.com<\/a><\/p>\n<p><strong>YUKON<\/strong><\/p>\n<p><strong>WHITEHORSE<\/strong><br \/>\n&#8212;&#8212;&#8212;&#8212;&#8212;&#8212;&#8212;&#8211;<\/p>\n<p><em>Last update: Oct. 6th, 2025<\/em><\/p>\n","protected":false},"excerpt":{"rendered":"Diplomatic and Consular Offices in Canada Embassy of Italy &#8211; Ottawa 275 Slater Street, 21st Floor Ottawa, Ontario K1P 5H9 Tel. (613) 232 2401 Fax (613) 233 1484 Email:\u00a0ambasciata.ottawa@esteri.it Consulate General of Italy &#8211; Montr\u00e9al 3489 Avenue Drummond Montr\u00e9al, Qu\u00e9bec H3G 1X6 Tel. (514) 849 8351 Fax (514) 499 9471 Email:\u00a0consolato.montreal@esteri.it Consular district: Qu\u00e9bec (with [&hellip;]","protected":false},"author":1,"featured_media":0,"parent":27,"menu_order":10,"comment_status":"closed","ping_status":"closed","template":"","meta":{"footnotes":""},"class_list":["post-105","page","type-page","status-publish","hentry"],"_links":{"self":[{"href":"https:\/\/consvancouver.esteri.it\/en\/wp-json\/wp\/v2\/pages\/105","targetHints":{"allow":["GET"]}}],"collection":[{"href":"https:\/\/consvancouver.esteri.it\/en\/wp-json\/wp\/v2\/pages"}],"about":[{"href":"https:\/\/consvancouver.esteri.it\/en\/wp-json\/wp\/v2\/types\/page"}],"author":[{"embeddable":true,"href":"https:\/\/consvancouver.esteri.it\/en\/wp-json\/wp\/v2\/users\/1"}],"replies":[{"embeddable":true,"href":"https:\/\/consvancouver.esteri.it\/en\/wp-json\/wp\/v2\/comments?post=105"}],"version-history":[{"count":7,"href":"https:\/\/consvancouver.esteri.it\/en\/wp-json\/wp\/v2\/pages\/105\/revisions"}],"predecessor-version":[{"id":4954,"href":"https:\/\/consvancouver.esteri.it\/en\/wp-json\/wp\/v2\/pages\/105\/revisions\/4954"}],"up":[{"embeddable":true,"href":"https:\/\/consvancouver.esteri.it\/en\/wp-json\/wp\/v2\/pages\/27"}],"wp:attachment":[{"href":"https:\/\/consvancouver.esteri.it\/en\/wp-json\/wp\/v2\/media?parent=105"}],"curies":[{"name":"wp","href":"https:\/\/api.w.org\/{rel}","templated":true}]}}